{"id":4938,"date":"2020-10-13T11:32:53","date_gmt":"2020-10-13T11:32:53","guid":{"rendered":"https:\/\/abctraducoes.pt\/politique-de-cookies\/"},"modified":"2023-04-24T15:44:30","modified_gmt":"2023-04-24T15:44:30","slug":"politique-de-cookies","status":"publish","type":"page","link":"https:\/\/abctraducoes.pt\/fr\/politique-de-cookies\/","title":{"rendered":"Politique de Cookies"},"content":{"rendered":"\t\t<div data-elementor-type=\"wp-page\" data-elementor-id=\"4938\" class=\"elementor elementor-4938 elementor-429\" data-elementor-settings=\"[]\">\n\t\t\t\t\t\t\t<div class=\"elementor-section-wrap\">\n\t\t\t\t\t\t\t<section data-particle_enable=\"false\" class=\"elementor-section elementor-top-section elementor-element elementor-element-4f87a53 elementor-section-stretched elementor-section-height-min-height elementor-section-boxed elementor-section-height-default elementor-section-items-middle\" data-id=\"4f87a53\" data-element_type=\"section\" data-settings=\"{&quot;stretch_section&quot;:&quot;section-stretched&quot;,&quot;background_background&quot;:&quot;classic&quot;}\">\n\t\t\t\t\t\t\t<div class=\"elementor-background-overlay\"><\/div>\n\t\t\t\t\t\t\t<div class=\"elementor-container elementor-column-gap-default\">\n\t\t\t\t\t<div class=\"elementor-column elementor-col-100 elementor-top-column elementor-element elementor-element-8a79bfb\" data-id=\"8a79bfb\" data-element_type=\"column\">\n\t\t\t<div class=\"elementor-widget-wrap elementor-element-populated\">\n\t\t\t\t\t\t\t\t<div class=\"elementor-element elementor-element-6b551f5 elementor-widget elementor-widget-heading\" data-id=\"6b551f5\" data-element_type=\"widget\" data-widget_type=\"heading.default\">\n\t\t\t\t<div class=\"elementor-widget-container\">\n\t\t\t<h1 class=\"elementor-heading-title elementor-size-medium\">Politique de Cookies<\/h1>\t\t<\/div>\n\t\t\t\t<\/div>\n\t\t\t\t\t<\/div>\n\t\t<\/div>\n\t\t\t\t\t\t\t<\/div>\n\t\t<\/section>\n\t\t\t\t<section data-particle_enable=\"false\" class=\"elementor-section elementor-top-section elementor-element elementor-element-c50be59 elementor-section-boxed elementor-section-height-default elementor-section-height-default\" data-id=\"c50be59\" data-element_type=\"section\">\n\t\t\t\t\t\t<div class=\"elementor-container elementor-column-gap-default\">\n\t\t\t\t\t<div class=\"elementor-column elementor-col-100 elementor-top-column elementor-element elementor-element-f22bdb7\" data-id=\"f22bdb7\" data-element_type=\"column\">\n\t\t\t<div class=\"elementor-widget-wrap elementor-element-populated\">\n\t\t\t\t\t\t\t\t<div class=\"elementor-element elementor-element-5c74d0b elementor-widget elementor-widget-text-editor\" data-id=\"5c74d0b\" data-element_type=\"widget\" data-widget_type=\"text-editor.default\">\n\t\t\t\t<div class=\"elementor-widget-container\">\n\t\t\t\t\t\t\t<p>Afin de mettre \u00e0 disposition un service plus adapt\u00e9, ce site web utilise des cookies pour am\u00e9liorer la navigabilit\u00e9 des utilisateurs du site, tout en offrant une exp\u00e9rience plus personnalis\u00e9e. Les utilisateurs peuvent, \u00e0 tout moment, \u00e9liminer ou bloquer la r\u00e9ception de cookies.<\/p>\n\t\t\t\t\t\t<\/div>\n\t\t\t\t<\/div>\n\t\t\t\t<div class=\"elementor-element elementor-element-2861dcea elementor-widget-divider--view-line elementor-widget elementor-widget-divider\" data-id=\"2861dcea\" data-element_type=\"widget\" data-widget_type=\"divider.default\">\n\t\t\t\t<div class=\"elementor-widget-container\">\n\t\t\t\t\t<div class=\"elementor-divider\">\n\t\t\t<span class=\"elementor-divider-separator\">\n\t\t\t\t\t\t<\/span>\n\t\t<\/div>\n\t\t\t\t<\/div>\n\t\t\t\t<\/div>\n\t\t\t\t\t<\/div>\n\t\t<\/div>\n\t\t\t\t\t\t\t<\/div>\n\t\t<\/section>\n\t\t\t\t<section data-particle_enable=\"false\" class=\"elementor-section elementor-top-section elementor-element elementor-element-223c6577 elementor-section-boxed elementor-section-height-default elementor-section-height-default\" data-id=\"223c6577\" data-element_type=\"section\">\n\t\t\t\t\t\t<div class=\"elementor-container elementor-column-gap-default\">\n\t\t\t\t\t<div class=\"elementor-column elementor-col-100 elementor-top-column elementor-element elementor-element-3c08bd60\" data-id=\"3c08bd60\" data-element_type=\"column\">\n\t\t\t<div class=\"elementor-widget-wrap elementor-element-populated\">\n\t\t\t\t\t\t\t\t<div class=\"elementor-element elementor-element-3c6fd548 elementor-widget elementor-widget-text-editor\" data-id=\"3c6fd548\" data-element_type=\"widget\" data-widget_type=\"text-editor.default\">\n\t\t\t\t<div class=\"elementor-widget-container\">\n\t\t\t\t\t\t\t<p>Les cookies sont des fichiers enregistr\u00e9s dans votre ordinateur qui ont pour seul but de simplifier votre navigation dans le site web abctraducoes.pt (s&rsquo;agissant de fichiers non actifs, ces cookies ne contiennent pas de virus et ne peuvent pas \u00eatre ex\u00e9cut\u00e9s). Les cookies n&rsquo;identifient pas l&rsquo;utilisateur et ne sont pas utilis\u00e9s pour recueillir des informations personnelles ; ils n&rsquo;identifient que l&rsquo;ordinateur utilis\u00e9.<\/p>\n<p>Ces fichiers permettent :<\/p>\n<p>&#8211; d&rsquo;am\u00e9liorer l&rsquo;exp\u00e9rience et le d\u00e9roulement de la navigation, tout en facilitant l&rsquo;acc\u00e8s \u00e0 l&rsquo;information que les utilisateurs recherchent.<\/p>\n<p>&#8211; que vous soyez inform\u00e9-e sur nos offres, promotions et\/ou services\/produits.<\/p>\n<p>&#8211; vu que nous respectons la protection de la vie priv\u00e9e des utilisateurs, ces cookies ne peuvent \u00eatre lus que par notre site web et par vous-m\u00eame, et vous pourrez les \u00e9liminer si vous le souhaitez.<\/p>\n<p>Pour pouvoir b\u00e9n\u00e9ficier de tous ces avantages, assurez-vous que votre navigateur accepte des cookies.<\/p>\n<p>&#8211; Dans le menu \u00ab Outils \u00bb, s\u00e9lectionnez \u00ab Options Internet \u00bb ;<\/p>\n<p>&#8211; Cliquez sur l&rsquo;onglet \u00ab Protection de la vie priv\u00e9e \u00bb ;<\/p>\n<p>&#8211; Recherchez et cochez l&rsquo;option \u00ab Accepter les cookies \u00bb ;<\/p>\n<p>&nbsp;<\/p>\n<p>Au cas o\u00f9 vous ne souhaitez pas recevoir de cookies, vous devrez configurer votre ordinateur pour qu&rsquo;il vous informe \u00e0 chaque fois que vous recevez un cookie ou alors d\u00e9sactiver tous les cookies via votre navigateur. Si vous d\u00e9sactiver les cookies, il est possible que vous n&rsquo;acc\u00e9diez pas certaines des fonctions indiqu\u00e9es ci-dessus.<\/p>\n<p>Par le biais de ses d\u00e9finitions, la plupart des navigateurs permet d&rsquo;avoir un certain contr\u00f4le sur la plupart des cookies. Pour en savoir plus sur les cookies, y compris pour savoir quels cookies ont \u00e9t\u00e9 install\u00e9s et de quelle fa\u00e7on peuvent-ils \u00eatre g\u00e9r\u00e9s et \u00e9limin\u00e9s, visitez www.allaboutcookies.org.<\/p>\n<p>Pour fournir aux utilisateurs du site web plus d&rsquo;options par rapport \u00e0 la fa\u00e7on dont leurs donn\u00e9es sont utilis\u00e9es par Google Analytics, Google met \u00e0 disposition un outil de d\u00e9sactivation de Google Analytics. Cet outil, via la fonctionnalit\u00e9 \u00ab add-on \u00bb, instruit le JavaScript de Google Analytics \u00e0 ne pas envoyer d&rsquo;information sur votre visite au site web visant Google Analytics. Si vous ne souhaitez pas que vos visites soient d\u00e9tect\u00e9es par Google Analytics, allez sur \u00ab Google Analytics Browser Opt-out extra \u00bb.<\/p>\n\t\t\t\t\t\t<\/div>\n\t\t\t\t<\/div>\n\t\t\t\t\t<\/div>\n\t\t<\/div>\n\t\t\t\t\t\t\t<\/div>\n\t\t<\/section>\n\t\t\t\t\t\t<\/div>\n\t\t\t\t\t<\/div>\n\t\t","protected":false},"excerpt":{"rendered":"<p>Politique de Cookies Afin de mettre \u00e0 disposition un service plus adapt\u00e9, ce site web utilise des cookies pour am\u00e9liorer la navigabilit\u00e9 des utilisateurs du site, tout en offrant une exp\u00e9rience plus personnalis\u00e9e. Les utilisateurs peuvent, \u00e0 tout moment, \u00e9liminer ou bloquer la r\u00e9ception de cookies. Les cookies sont des fichiers enregistr\u00e9s dans votre ordinateur [&hellip;]<\/p>\n","protected":false},"author":1,"featured_media":0,"parent":0,"menu_order":0,"comment_status":"closed","ping_status":"closed","template":"elementor_header_footer","meta":{"footnotes":""},"class_list":["post-4938","page","type-page","status-publish","hentry"],"yoast_head":"<!-- This site is optimized with the Yoast SEO plugin v22.0 - https:\/\/yoast.com\/wordpress\/plugins\/seo\/ -->\n<title>ABC Tradu\u00e7\u00f5es | Politique de Cookies<\/title>\n<meta name=\"description\" content=\"Afin de mettre \u00e0 disposition un service plus adapt\u00e9, ce site web utilise des cookies pour am\u00e9liorer la navigabilit\u00e9 des utilisateurs du site, tout en offrant une exp\u00e9rience plus personnalis\u00e9e. Les utilisateurs peuvent, \u00e0 tout moment, \u00e9liminer ou bloquer la r\u00e9ception de cookies.\" \/>\n<meta name=\"robots\" content=\"index, follow, max-snippet:-1, max-image-preview:large, max-video-preview:-1\" \/>\n<link rel=\"canonical\" href=\"https:\/\/abctraducoes.pt\/fr\/politique-de-cookies\/\" \/>\n<meta property=\"og:locale\" content=\"fr_FR\" \/>\n<meta property=\"og:type\" content=\"article\" \/>\n<meta property=\"og:title\" content=\"ABC Tradu\u00e7\u00f5es | Politique de Cookies\" \/>\n<meta property=\"og:description\" content=\"Afin de mettre \u00e0 disposition un service plus adapt\u00e9, ce site web utilise des cookies pour am\u00e9liorer la navigabilit\u00e9 des utilisateurs du site, tout en offrant une exp\u00e9rience plus personnalis\u00e9e. Les utilisateurs peuvent, \u00e0 tout moment, \u00e9liminer ou bloquer la r\u00e9ception de cookies.\" \/>\n<meta property=\"og:url\" content=\"https:\/\/abctraducoes.pt\/fr\/politique-de-cookies\/\" \/>\n<meta property=\"og:site_name\" content=\"ABC Tradu\u00e7\u00f5es\" \/>\n<meta property=\"article:publisher\" content=\"https:\/\/www.facebook.com\/abctraducoes\/\" \/>\n<meta property=\"article:modified_time\" content=\"2023-04-24T15:44:30+00:00\" \/>\n<meta name=\"twitter:card\" content=\"summary_large_image\" \/>\n<meta name=\"twitter:label1\" content=\"Dur\u00e9e de lecture estim\u00e9e\" \/>\n\t<meta name=\"twitter:data1\" content=\"2 minutes\" \/>\n<script type=\"application\/ld+json\" class=\"yoast-schema-graph\">{\"@context\":\"https:\/\/schema.org\",\"@graph\":[{\"@type\":\"WebPage\",\"@id\":\"https:\/\/abctraducoes.pt\/fr\/politique-de-cookies\/\",\"url\":\"https:\/\/abctraducoes.pt\/fr\/politique-de-cookies\/\",\"name\":\"ABC Tradu\u00e7\u00f5es | Politique de Cookies\",\"isPartOf\":{\"@id\":\"https:\/\/abctraducoes.pt\/#website\"},\"datePublished\":\"2020-10-13T11:32:53+00:00\",\"dateModified\":\"2023-04-24T15:44:30+00:00\",\"description\":\"Afin de mettre \u00e0 disposition un service plus adapt\u00e9, ce site web utilise des cookies pour am\u00e9liorer la navigabilit\u00e9 des utilisateurs du site, tout en offrant une exp\u00e9rience plus personnalis\u00e9e. Les utilisateurs peuvent, \u00e0 tout moment, \u00e9liminer ou bloquer la r\u00e9ception de cookies.\",\"breadcrumb\":{\"@id\":\"https:\/\/abctraducoes.pt\/fr\/politique-de-cookies\/#breadcrumb\"},\"inLanguage\":\"fr-FR\",\"potentialAction\":[{\"@type\":\"ReadAction\",\"target\":[\"https:\/\/abctraducoes.pt\/fr\/politique-de-cookies\/\"]}]},{\"@type\":\"BreadcrumbList\",\"@id\":\"https:\/\/abctraducoes.pt\/fr\/politique-de-cookies\/#breadcrumb\",\"itemListElement\":[{\"@type\":\"ListItem\",\"position\":1,\"name\":\"In\u00edcio\",\"item\":\"https:\/\/abctraducoes.pt\/fr\/\"},{\"@type\":\"ListItem\",\"position\":2,\"name\":\"Politique de Cookies\"}]},{\"@type\":\"WebSite\",\"@id\":\"https:\/\/abctraducoes.pt\/#website\",\"url\":\"https:\/\/abctraducoes.pt\/\",\"name\":\"ABC Tradu\u00e7\u00f5es | Servi\u00e7os de Tradu\u00e7\u00e3o e Interpreta\u00e7\u00e3o!\",\"description\":\"Mais do que palavras, traduzimos ideias.\",\"publisher\":{\"@id\":\"https:\/\/abctraducoes.pt\/#organization\"},\"potentialAction\":[{\"@type\":\"SearchAction\",\"target\":{\"@type\":\"EntryPoint\",\"urlTemplate\":\"https:\/\/abctraducoes.pt\/?s={search_term_string}\"},\"query-input\":\"required name=search_term_string\"}],\"inLanguage\":\"fr-FR\"},{\"@type\":\"Organization\",\"@id\":\"https:\/\/abctraducoes.pt\/#organization\",\"name\":\"ABC Tradu\u00e7\u00f5es\",\"url\":\"https:\/\/abctraducoes.pt\/\",\"logo\":{\"@type\":\"ImageObject\",\"inLanguage\":\"fr-FR\",\"@id\":\"https:\/\/abctraducoes.pt\/#\/schema\/logo\/image\/\",\"url\":\"https:\/\/abctraducoes.pt\/wp-content\/uploads\/2019\/11\/abc-traducoes-logotipo-website.png\",\"contentUrl\":\"https:\/\/abctraducoes.pt\/wp-content\/uploads\/2019\/11\/abc-traducoes-logotipo-website.png\",\"width\":432,\"height\":193,\"caption\":\"ABC Tradu\u00e7\u00f5es\"},\"image\":{\"@id\":\"https:\/\/abctraducoes.pt\/#\/schema\/logo\/image\/\"},\"sameAs\":[\"https:\/\/www.facebook.com\/abctraducoes\/\"]}]}<\/script>\n<!-- \/ Yoast SEO plugin. -->","yoast_head_json":{"title":"ABC Tradu\u00e7\u00f5es | Politique de Cookies","description":"Afin de mettre \u00e0 disposition un service plus adapt\u00e9, ce site web utilise des cookies pour am\u00e9liorer la navigabilit\u00e9 des utilisateurs du site, tout en offrant une exp\u00e9rience plus personnalis\u00e9e. Les utilisateurs peuvent, \u00e0 tout moment, \u00e9liminer ou bloquer la r\u00e9ception de cookies.","robots":{"index":"index","follow":"follow","max-snippet":"max-snippet:-1","max-image-preview":"max-image-preview:large","max-video-preview":"max-video-preview:-1"},"canonical":"https:\/\/abctraducoes.pt\/fr\/politique-de-cookies\/","og_locale":"fr_FR","og_type":"article","og_title":"ABC Tradu\u00e7\u00f5es | Politique de Cookies","og_description":"Afin de mettre \u00e0 disposition un service plus adapt\u00e9, ce site web utilise des cookies pour am\u00e9liorer la navigabilit\u00e9 des utilisateurs du site, tout en offrant une exp\u00e9rience plus personnalis\u00e9e. Les utilisateurs peuvent, \u00e0 tout moment, \u00e9liminer ou bloquer la r\u00e9ception de cookies.","og_url":"https:\/\/abctraducoes.pt\/fr\/politique-de-cookies\/","og_site_name":"ABC Tradu\u00e7\u00f5es","article_publisher":"https:\/\/www.facebook.com\/abctraducoes\/","article_modified_time":"2023-04-24T15:44:30+00:00","twitter_card":"summary_large_image","twitter_misc":{"Dur\u00e9e de lecture estim\u00e9e":"2 minutes"},"schema":{"@context":"https:\/\/schema.org","@graph":[{"@type":"WebPage","@id":"https:\/\/abctraducoes.pt\/fr\/politique-de-cookies\/","url":"https:\/\/abctraducoes.pt\/fr\/politique-de-cookies\/","name":"ABC Tradu\u00e7\u00f5es | Politique de Cookies","isPartOf":{"@id":"https:\/\/abctraducoes.pt\/#website"},"datePublished":"2020-10-13T11:32:53+00:00","dateModified":"2023-04-24T15:44:30+00:00","description":"Afin de mettre \u00e0 disposition un service plus adapt\u00e9, ce site web utilise des cookies pour am\u00e9liorer la navigabilit\u00e9 des utilisateurs du site, tout en offrant une exp\u00e9rience plus personnalis\u00e9e. Les utilisateurs peuvent, \u00e0 tout moment, \u00e9liminer ou bloquer la r\u00e9ception de cookies.","breadcrumb":{"@id":"https:\/\/abctraducoes.pt\/fr\/politique-de-cookies\/#breadcrumb"},"inLanguage":"fr-FR","potentialAction":[{"@type":"ReadAction","target":["https:\/\/abctraducoes.pt\/fr\/politique-de-cookies\/"]}]},{"@type":"BreadcrumbList","@id":"https:\/\/abctraducoes.pt\/fr\/politique-de-cookies\/#breadcrumb","itemListElement":[{"@type":"ListItem","position":1,"name":"In\u00edcio","item":"https:\/\/abctraducoes.pt\/fr\/"},{"@type":"ListItem","position":2,"name":"Politique de Cookies"}]},{"@type":"WebSite","@id":"https:\/\/abctraducoes.pt\/#website","url":"https:\/\/abctraducoes.pt\/","name":"ABC Tradu\u00e7\u00f5es | Servi\u00e7os de Tradu\u00e7\u00e3o e Interpreta\u00e7\u00e3o!","description":"Mais do que palavras, traduzimos ideias.","publisher":{"@id":"https:\/\/abctraducoes.pt\/#organization"},"potentialAction":[{"@type":"SearchAction","target":{"@type":"EntryPoint","urlTemplate":"https:\/\/abctraducoes.pt\/?s={search_term_string}"},"query-input":"required name=search_term_string"}],"inLanguage":"fr-FR"},{"@type":"Organization","@id":"https:\/\/abctraducoes.pt\/#organization","name":"ABC Tradu\u00e7\u00f5es","url":"https:\/\/abctraducoes.pt\/","logo":{"@type":"ImageObject","inLanguage":"fr-FR","@id":"https:\/\/abctraducoes.pt\/#\/schema\/logo\/image\/","url":"https:\/\/abctraducoes.pt\/wp-content\/uploads\/2019\/11\/abc-traducoes-logotipo-website.png","contentUrl":"https:\/\/abctraducoes.pt\/wp-content\/uploads\/2019\/11\/abc-traducoes-logotipo-website.png","width":432,"height":193,"caption":"ABC Tradu\u00e7\u00f5es"},"image":{"@id":"https:\/\/abctraducoes.pt\/#\/schema\/logo\/image\/"},"sameAs":["https:\/\/www.facebook.com\/abctraducoes\/"]}]}},"_links":{"self":[{"href":"https:\/\/abctraducoes.pt\/fr\/wp-json\/wp\/v2\/pages\/4938","targetHints":{"allow":["GET"]}}],"collection":[{"href":"https:\/\/abctraducoes.pt\/fr\/wp-json\/wp\/v2\/pages"}],"about":[{"href":"https:\/\/abctraducoes.pt\/fr\/wp-json\/wp\/v2\/types\/page"}],"author":[{"embeddable":true,"href":"https:\/\/abctraducoes.pt\/fr\/wp-json\/wp\/v2\/users\/1"}],"replies":[{"embeddable":true,"href":"https:\/\/abctraducoes.pt\/fr\/wp-json\/wp\/v2\/comments?post=4938"}],"version-history":[{"count":0,"href":"https:\/\/abctraducoes.pt\/fr\/wp-json\/wp\/v2\/pages\/4938\/revisions"}],"wp:attachment":[{"href":"https:\/\/abctraducoes.pt\/fr\/wp-json\/wp\/v2\/media?parent=4938"}],"curies":[{"name":"wp","href":"https:\/\/api.w.org\/{rel}","templated":true}]}}