{"id":4934,"date":"2020-10-13T11:25:31","date_gmt":"2020-10-13T11:25:31","guid":{"rendered":"https:\/\/abctraducoes.pt\/termes-et-conditions\/"},"modified":"2023-04-24T15:45:07","modified_gmt":"2023-04-24T15:45:07","slug":"termes-et-conditions","status":"publish","type":"page","link":"https:\/\/abctraducoes.pt\/fr\/termes-et-conditions\/","title":{"rendered":"Termes et Conditions"},"content":{"rendered":"\t\t<div data-elementor-type=\"wp-page\" data-elementor-id=\"4934\" class=\"elementor elementor-4934 elementor-469\" data-elementor-settings=\"[]\">\n\t\t\t\t\t\t\t<div class=\"elementor-section-wrap\">\n\t\t\t\t\t\t\t<section data-particle_enable=\"false\" class=\"elementor-section elementor-top-section elementor-element elementor-element-8407b8a elementor-section-stretched elementor-section-height-min-height elementor-section-boxed elementor-section-height-default elementor-section-items-middle\" data-id=\"8407b8a\" data-element_type=\"section\" data-settings=\"{&quot;stretch_section&quot;:&quot;section-stretched&quot;,&quot;background_background&quot;:&quot;classic&quot;}\">\n\t\t\t\t\t\t\t<div class=\"elementor-background-overlay\"><\/div>\n\t\t\t\t\t\t\t<div class=\"elementor-container elementor-column-gap-default\">\n\t\t\t\t\t<div class=\"elementor-column elementor-col-100 elementor-top-column elementor-element elementor-element-648c785\" data-id=\"648c785\" data-element_type=\"column\">\n\t\t\t<div class=\"elementor-widget-wrap elementor-element-populated\">\n\t\t\t\t\t\t\t\t<div class=\"elementor-element elementor-element-684ff31 elementor-widget elementor-widget-heading\" data-id=\"684ff31\" data-element_type=\"widget\" data-widget_type=\"heading.default\">\n\t\t\t\t<div class=\"elementor-widget-container\">\n\t\t\t<h1 class=\"elementor-heading-title elementor-size-medium\">Termes et Conditions<\/h1>\t\t<\/div>\n\t\t\t\t<\/div>\n\t\t\t\t\t<\/div>\n\t\t<\/div>\n\t\t\t\t\t\t\t<\/div>\n\t\t<\/section>\n\t\t\t\t<section data-particle_enable=\"false\" class=\"elementor-section elementor-top-section elementor-element elementor-element-75023d47 elementor-section-boxed elementor-section-height-default elementor-section-height-default\" data-id=\"75023d47\" data-element_type=\"section\">\n\t\t\t\t\t\t<div class=\"elementor-container elementor-column-gap-default\">\n\t\t\t\t\t<div class=\"elementor-column elementor-col-100 elementor-top-column elementor-element elementor-element-46cea3d7\" data-id=\"46cea3d7\" data-element_type=\"column\">\n\t\t\t<div class=\"elementor-widget-wrap elementor-element-populated\">\n\t\t\t\t\t\t\t\t<div class=\"elementor-element elementor-element-65019cc5 elementor-widget elementor-widget-text-editor\" data-id=\"65019cc5\" data-element_type=\"widget\" data-widget_type=\"text-editor.default\">\n\t\t\t\t<div class=\"elementor-widget-container\">\n\t\t\t\t\t\t\t<ol>\n<li style=\"text-align: left;\" data-mce-style=\"text-align: left;\">Contenu du site-web et propri\u00e9t\u00e9 intellectuelle<\/li>\n<\/ol>\n<p>L&rsquo;expression \u00ab contenu du site-web \u00bb veut dire toute l&rsquo;information qui y figure, y compris, entre autres, les marques, les sch\u00e9mas, les logos, les textes, les images, les photos, les illustrations, les fichiers audio ou les vid\u00e9os, le webdesign et le logiciel.<\/p>\n<p>Les droits de propri\u00e9t\u00e9 intellectuelle de tous les contenus de la soci\u00e9t\u00e9 \u00ab ABC Tradu\u00e7\u00f5es \u00bb non fournis par des tiers et, par cons\u00e9quent, r\u00e9guli\u00e8rement identifi\u00e9s, appartiennent \u00e0 \u00ab ABC Tradu\u00e7\u00f5es \u00bb et sont prot\u00e9g\u00e9s par le Droit et les lois nationales et internationales de protection de la propri\u00e9t\u00e9 intellectuelle, des droits d&rsquo;auteur et droits voisins, ainsi que par la loi de la criminalit\u00e9 informatique.<\/p>\n<p>Ce site contient encore des textes, des illustrations et des photos qui ne peuvent \u00eatre copi\u00e9s, modifi\u00e9s ou distribu\u00e9s, sauf autorisation expresse des auteurs respectifs. \u00ab&nbsp;ABC Tradu\u00e7\u00f5es&nbsp;\u00bb et\/ou sa directrice et collaborateurs renoncent \u00e0 toute responsabilit\u00e9 concernant l&rsquo;usurpation et l&rsquo;usage incorrect des \u00e9l\u00e9ments cit\u00e9s plus haut.<\/p>\n<p>La copie, la modification, la reproduction, la publication, la diffusion, la distribution, la transmission ou l&rsquo;utilisation des contenus de ce site sont express\u00e9ment interdits, sous toute forme ou ind\u00e9pendamment du propos, sans l&rsquo;autorisation expresse pr\u00e9alable de \u00ab ABC Tradu\u00e7\u00f5es \u00bb ou de ses auteurs relativement au contenu qui est autoris\u00e9 et d\u00fbment identifi\u00e9.<\/p>\n<p>La soci\u00e9t\u00e9 \u00ab ABC Tradu\u00e7\u00f5es \u00bb se r\u00e9serve le droit de saisir le tribunal contre les auteurs de toute copie, reproduction, diffusion, exploitation commerciale non autoris\u00e9s ou tout autre usage incorrect du contenu du site-web, renon\u00e7ant \u00e0 toute responsabilit\u00e9 du fait d&rsquo;un quelconque usage incorrect par des tiers.<\/p>\n<ol start=\"2\">\n<li>S\u00e9curit\u00e9<\/li>\n<\/ol>\n<p>Sous r\u00e9serve de l&rsquo;engagement de confidentialit\u00e9 de la soci\u00e9t\u00e9 \u00ab ABC Tradu\u00e7\u00f5es \u00bb vis-\u00e0-vis des donn\u00e9es personnelles et de l&rsquo;application de mesures de s\u00e9curit\u00e9 contre l&rsquo;intrusion de personnes \u00e9trang\u00e8res non autoris\u00e9es, les utilisateurs de ce site-web d\u00e9clarent bien conna\u00eetre les caract\u00e9ristiques et les contraintes, les limitations et les failles d&rsquo;Internet, et, notamment, que les transmissions de donn\u00e9es et d&rsquo;informations via Internet, circulant dans des r\u00e9seaux h\u00e9t\u00e9rog\u00e8nes \u00e0 diff\u00e9rentes caract\u00e9ristiques et capacit\u00e9s techniques, ne b\u00e9n\u00e9ficient que d&rsquo;une fiabilit\u00e9 technique relative. Ces limitations peuvent perturber ou rendre impossible l&rsquo;acc\u00e8s \u00e0 certains moments.<\/p>\n<p>Les utilisateurs reconnaissent et acceptent qu&rsquo;ils courent les risques inh\u00e9rents, que tout site-web peut faire l&rsquo;objet d&rsquo;intromissions de la part de tiers non autoris\u00e9s et que celui-ci peut, par cons\u00e9quent, \u00eatre interrompu ; les informations circulant sur Internet ne sont pas non plus prot\u00e9g\u00e9es contre d&rsquo;\u00e9ventuels virus, d\u00e9connexions (libre acc\u00e8s) et toute personne est susceptible de cr\u00e9er une connexion pour acc\u00e9der au site-web et\/ou \u00e0 des \u00e9l\u00e9ments qu&rsquo;il contient. \u00ab ABC Tradu\u00e7\u00f5es \u00bb et\/ou sa directrice et collaborateurs renoncent \u00e0 toute responsabilit\u00e9 concernant tout dommage accidentel ou volontaire subi par les utilisateurs et engendr\u00e9 ou pas par des tiers dans le cadre de l&rsquo;utilisation des services indiqu\u00e9s dans le site-web ou dans d&rsquo;autres sites sur Internet auxquels ils auraient eu acc\u00e8s \u00e0 partir de ce premier.<\/p>\n<p>\u00ab ABC Tradu\u00e7\u00f5es \u00bb et\/ou sa directrice et ses collaborateurs ne doivent pas \u00eatre port\u00e9s responsables de tout dommage pouvant \u00eatre engendr\u00e9 par l&rsquo;utilisation du service, y compris la contamination d&rsquo;un virus.<\/p>\n<p>Sous r\u00e9serve de sa politique de confidentialit\u00e9 (qui est obligatoire) concernant l&rsquo;utilisation de donn\u00e9es personnelles, \u00ab ABC Tradu\u00e7\u00f5es \u00bb attire l&rsquo;attention sur les risques associ\u00e9s \u00e0 Internet et aux bases de donn\u00e9es, et sur le fait qu&rsquo;il est possible que les donn\u00e9es personnelles figurant dans le site-web puissent \u00eatre capt\u00e9es et\/ou transf\u00e9r\u00e9es par des tiers, notamment dans des pays o\u00f9 les syst\u00e8mes de protection de bases de donn\u00e9es personnelles ne sont pas encore compl\u00e8tement mis en place et dans lesquels la protection est r\u00e9siduelle et\/ou inefficace. En acc\u00e9dant \u00e0 ce site-web, les utilisateurs sont conscients des risques inh\u00e9rents \u00e0 leur activit\u00e9 d&rsquo;internaute, notamment du risque \u00e9ventuel de transfert de donn\u00e9es ouvertes.<\/p>\n<ol start=\"3\">\n<li>Contenus et responsabilit\u00e9<\/li>\n<\/ol>\n<p>L&rsquo;information figurant dans ce site-web y a \u00e9t\u00e9 ins\u00e9r\u00e9e en toute bonne-foi et ne sert qu&rsquo;\u00e0 informer directement l&rsquo;utilisateur, son utilisation relevant de son exclusive responsabilit\u00e9.<\/p>\n<p>Sous r\u00e9serve du respect des r\u00e8gles de protection des donn\u00e9es personnelles, \u00ab ABC Tradu\u00e7\u00f5es \u00bb se r\u00e9serve le droit de r\u00e9aliser des changements et ou des corrections, suspendre, interrompre ou clore le site-web si elle l&rsquo;estime n\u00e9cessaire, sans avis pr\u00e9alable et pour la p\u00e9riode jug\u00e9e n\u00e9cessaire, pour toute raison d&rsquo;ordre technique, administrative, de force majeure ou autre, ne pouvant \u00eatre port\u00e9e responsable de ce fait.<\/p>\n<p>\u00ab ABC Tradu\u00e7\u00f5es \u00bb et\/ou sa directrice et ses collaborateurs ne sont pas responsables et ne pourront pas \u00eatre port\u00e9s responsables vis-\u00e0-vis des hyperliens figurant dans leur site vers des sites-web de tierces parties. Ces hyperliens ne sont fournis que pour faciliter l&rsquo;acc\u00e8s d&rsquo;un utilisateur, \u00ab ABC Tradu\u00e7\u00f5es \u00bb et\/ou sa directrice et ses collaborateurs n&rsquo;\u00e9tant pas responsables des contenus de ces sites, leur acc\u00e8s et visite \u00e9tant de l&rsquo;exclusive responsabilit\u00e9 de l&rsquo;utilisateur.<\/p>\n<p>\u00ab ABC Tradu\u00e7\u00f5es \u00bb et\/ou sa directrice et ses collaborateurs ne sont pas non plus responsables des politiques de confidentialit\u00e9 des sites de tiers, les hyperliens qui y figurent \u00e9ventuellement n&rsquo;impliquant pas l&rsquo;acceptation des contenus respectifs, ni une association avec leurs propri\u00e9taires de la part de \u00ab ABC Tradu\u00e7\u00f5es \u00bb.<\/p>\n<p>\u00ab ABC Tradu\u00e7\u00f5es \u00bb peut mettre \u00e0 jour les termes d&rsquo;utilisation et la politique de confidentialit\u00e9, tout en suivant les \u00e9volutions d\u00e9coulant des avanc\u00e9es technologiques d&rsquo;Internet, ainsi que les changements l\u00e9gislatifs en ce domaine.<\/p>\n<p>\u00ab ABC Tradu\u00e7\u00f5es \u00bb et\/ou sa directrice et ses collaborateurs ne peuvent \u00eatre port\u00e9s responsables d&rsquo;une quelconque action ou d&rsquo;un quelconque contenu transmis par ou entre l&rsquo;utilisateur et\/ou tout autre tiers \u00e0 partir de ce site-web ou \u00e0 l&rsquo;ext\u00e9rieur de celui-ci, et n&rsquo;exerce aucun contr\u00f4le sur les messages \u00e9chang\u00e9s.<\/p>\n<p>\u00ab ABC Tradu\u00e7\u00f5es \u00bb et\/ou sa directrice et ses collaborateurs ne sont pas responsables de la v\u00e9racit\u00e9 et de l&rsquo;exactitude des donn\u00e9es ou des contenus directement ins\u00e9r\u00e9s par un utilisateur, qui en est l&rsquo;exclusif responsable.<\/p>\n<p>L&rsquo;utilisateur s&rsquo;engage \u00e0 ne pas transmettre via ce site-web tout contenu illicite, mena\u00e7ant, injurieux, raciste, discriminatoire, accusatoire, diffamatoire, offensif, obsc\u00e8ne, scandaleux ou pornographique, ou tout autre contenu pouvant constituer ou encourager une conduite engendrant la violence et des actes illicites ; la soci\u00e9t\u00e9 se r\u00e9serve le droit d&rsquo;effacer tout message contenant ce genre de chose.<\/p>\n<p>L&rsquo;utilisateur s&rsquo;engage \u00e9galement \u00e0 ne pas faire une quelconque op\u00e9ration pouvant porter atteinte au fonctionnement des sections de d\u00e9bat du site-web ; de m\u00eame, il s&rsquo;engage \u00e0 ne pas acc\u00e9der \u00e0 une section\/abonnement et \u00e0 ses contenus respectifs sans l&rsquo;autorisation respective, \u00e0 ne pas tester, \u00e9valuer ou rompre la vuln\u00e9rabilit\u00e9 des s\u00e9curit\u00e9s install\u00e9es, \u00e0 ne pas installer ou essayer d&rsquo;installer des virus ou des logiciels pouvant porter atteinte et\/ou contaminer le site, \u00e0 ne pas d\u00e9clencher ou essayer de d\u00e9clencher des attaques du type \u00ab denial of service \u00bb [d\u00e9ni de service] ou \u00e0 conseiller des tiers \u00e0 le faire.<\/p>\n<p>L&rsquo;utilisateur s&rsquo;engage \u00e0 ne pas ins\u00e9rer des messages \u00e0 caract\u00e8re publicitaire (sauf dans les cas express\u00e9ment autoris\u00e9s par \u00ab ABC Tradu\u00e7\u00f5es \u00bb ; dans ces cas-l\u00e0, l&rsquo;utilisateur s&rsquo;engage \u00e0 respecter la l\u00e9gislation en vigueur, notamment le Code de la publicit\u00e9) ou d&rsquo;autopromotion. L&rsquo;utilisation de ce site-web \u00e0 des fins ill\u00e9gales ou toute autre fin pouvant porter atteinte \u00e0 l&rsquo;image de \u00ab ABC Tradu\u00e7\u00f5es \u00bb est express\u00e9ment interdite.<\/p>\n<p>Le non-respect des r\u00e8gles \u00e9thiques d&rsquo;utilisation et de courtoisie implique le d\u00e9liement de l&rsquo;utilisateur par rapport aux services mentionn\u00e9s, l&rsquo;usurpation, la contrefa\u00e7on, l&rsquo;utilisation de contenus usurp\u00e9s ou contrefaits, l&rsquo;identification ill\u00e9gitime et la concurrence d\u00e9loyale \u00e9tant punis aux termes de la l\u00e9gislation en vigueur.<\/p>\n<p>\u00ab ABC Tradu\u00e7\u00f5es \u00bb s&rsquo;engage \u00e0 coop\u00e9rer totalement avec toute autorit\u00e9 comp\u00e9tente afin d&rsquo;appliquer la loi ou une d\u00e9cision de justice sollicitant ou ordonnant la r\u00e9v\u00e9lation de l&rsquo;identit\u00e9 ou d&rsquo;aider \u00e0 identifier ou \u00e0 localiser toute personne transmettant ce genre de contenus.<\/p>\n<p>L&rsquo;utilisateur sera port\u00e9 responsable du non-respect des termes d&rsquo;utilisation du pr\u00e9sent site-web, conform\u00e9ment \u00e0 la l\u00e9gislation civile et p\u00e9nale applicable. \u00ab ABC Tradu\u00e7\u00f5es \u00bb pourra v\u00e9rifier, sur la base d&rsquo;une participation ou d&rsquo;une communication, si le contenu transmis \u00e0 son site-web par un quelconque utilisateur viole les termes et conditions, et d\u00e9terminer son \u00e9limination.<\/p>\n<p>L&rsquo;utilisateur de ce site-web s&rsquo;engage \u00e0 d\u00e9fendre, indemniser et exempter de toute responsabilit\u00e9 \u00ab ABC Tradu\u00e7\u00f5es \u00bb et\/ou sa directrice et ses collaborateurs de et contre toute revendication ou demande pr\u00e9sent\u00e9e par un tiers, ainsi que de toute obligation, dommage, co\u00fbts et frais associ\u00e9s (y compris, sans limitation, des honoraires d&rsquo;avocats) d\u00e9coulant et\/ou associ\u00e9s \u00e0 l&rsquo;utilisation de ce site-web de la part de l&rsquo;utilisateur, des contenus transmis par celui-ci \u00e0 ce site, la violation par l&rsquo;utilisateur de tout droit de tierce partie et\/ou violation par l&rsquo;utilisateur des termes d&rsquo;utilisation.<\/p>\n<ol start=\"4\">\n<li>Juridiction<\/li>\n<\/ol>\n<p>Les termes d&rsquo;utilisation et la politique de confidentialit\u00e9 mentionn\u00e9s ci-dessous sont r\u00e9gl\u00e9s et interpr\u00e9t\u00e9s en conformit\u00e9 avec la loi portugaise. L&rsquo;utilisateur accepte, irr\u00e9vocablement, la juridiction des tribunaux portugais afin de r\u00e9gler tout conflit d\u00e9coulant et\/ou associ\u00e9 des\/aux termes et conditions, de la\/\u00e0 la politique de confidentialit\u00e9 mentionn\u00e9e ci-dessous et\/ou de l&rsquo;\/\u00e0 l&rsquo;utilisation de ce site-web.<\/p>\n\t\t\t\t\t\t<\/div>\n\t\t\t\t<\/div>\n\t\t\t\t\t<\/div>\n\t\t<\/div>\n\t\t\t\t\t\t\t<\/div>\n\t\t<\/section>\n\t\t\t\t\t\t<\/div>\n\t\t\t\t\t<\/div>\n\t\t","protected":false},"excerpt":{"rendered":"<p>Termes et Conditions Contenu du site-web et propri\u00e9t\u00e9 intellectuelle L&rsquo;expression \u00ab contenu du site-web \u00bb veut dire toute l&rsquo;information qui y figure, y compris, entre autres, les marques, les sch\u00e9mas, les logos, les textes, les images, les photos, les illustrations, les fichiers audio ou les vid\u00e9os, le webdesign et le logiciel. Les droits de propri\u00e9t\u00e9 [&hellip;]<\/p>\n","protected":false},"author":1,"featured_media":0,"parent":0,"menu_order":0,"comment_status":"closed","ping_status":"closed","template":"elementor_header_footer","meta":{"footnotes":""},"class_list":["post-4934","page","type-page","status-publish","hentry"],"yoast_head":"<!-- This site is optimized with the Yoast SEO plugin v22.0 - https:\/\/yoast.com\/wordpress\/plugins\/seo\/ -->\n<title>ABC Tradu\u00e7\u00f5es | Termes et Conditions<\/title>\n<meta name=\"description\" content=\"En acc\u00e9dant \u00e0 ce site-web, l&#039;utilisateur d\u00e9clare avoir lu, compris et accept\u00e9 les termes d&#039;utilisation d\u00e9crits ci-dessous, sans \u00eatre tenu de tout autre acte ou consentement post\u00e9rieur.\" \/>\n<meta name=\"robots\" content=\"index, follow, max-snippet:-1, max-image-preview:large, max-video-preview:-1\" \/>\n<link rel=\"canonical\" href=\"https:\/\/abctraducoes.pt\/fr\/termes-et-conditions\/\" \/>\n<meta property=\"og:locale\" content=\"fr_FR\" \/>\n<meta property=\"og:type\" content=\"article\" \/>\n<meta property=\"og:title\" content=\"ABC Tradu\u00e7\u00f5es | Termes et Conditions\" \/>\n<meta property=\"og:description\" content=\"En acc\u00e9dant \u00e0 ce site-web, l&#039;utilisateur d\u00e9clare avoir lu, compris et accept\u00e9 les termes d&#039;utilisation d\u00e9crits ci-dessous, sans \u00eatre tenu de tout autre acte ou consentement post\u00e9rieur.\" \/>\n<meta property=\"og:url\" content=\"https:\/\/abctraducoes.pt\/fr\/termes-et-conditions\/\" \/>\n<meta property=\"og:site_name\" content=\"ABC Tradu\u00e7\u00f5es\" \/>\n<meta property=\"article:publisher\" content=\"https:\/\/www.facebook.com\/abctraducoes\/\" \/>\n<meta property=\"article:modified_time\" content=\"2023-04-24T15:45:07+00:00\" \/>\n<meta name=\"twitter:card\" content=\"summary_large_image\" \/>\n<meta name=\"twitter:label1\" content=\"Dur\u00e9e de lecture estim\u00e9e\" \/>\n\t<meta name=\"twitter:data1\" content=\"8 minutes\" \/>\n<script type=\"application\/ld+json\" class=\"yoast-schema-graph\">{\"@context\":\"https:\/\/schema.org\",\"@graph\":[{\"@type\":\"WebPage\",\"@id\":\"https:\/\/abctraducoes.pt\/fr\/termes-et-conditions\/\",\"url\":\"https:\/\/abctraducoes.pt\/fr\/termes-et-conditions\/\",\"name\":\"ABC Tradu\u00e7\u00f5es | Termes et Conditions\",\"isPartOf\":{\"@id\":\"https:\/\/abctraducoes.pt\/#website\"},\"datePublished\":\"2020-10-13T11:25:31+00:00\",\"dateModified\":\"2023-04-24T15:45:07+00:00\",\"description\":\"En acc\u00e9dant \u00e0 ce site-web, l'utilisateur d\u00e9clare avoir lu, compris et accept\u00e9 les termes d'utilisation d\u00e9crits ci-dessous, sans \u00eatre tenu de tout autre acte ou consentement post\u00e9rieur.\",\"breadcrumb\":{\"@id\":\"https:\/\/abctraducoes.pt\/fr\/termes-et-conditions\/#breadcrumb\"},\"inLanguage\":\"fr-FR\",\"potentialAction\":[{\"@type\":\"ReadAction\",\"target\":[\"https:\/\/abctraducoes.pt\/fr\/termes-et-conditions\/\"]}]},{\"@type\":\"BreadcrumbList\",\"@id\":\"https:\/\/abctraducoes.pt\/fr\/termes-et-conditions\/#breadcrumb\",\"itemListElement\":[{\"@type\":\"ListItem\",\"position\":1,\"name\":\"In\u00edcio\",\"item\":\"https:\/\/abctraducoes.pt\/fr\/\"},{\"@type\":\"ListItem\",\"position\":2,\"name\":\"Termes et Conditions\"}]},{\"@type\":\"WebSite\",\"@id\":\"https:\/\/abctraducoes.pt\/#website\",\"url\":\"https:\/\/abctraducoes.pt\/\",\"name\":\"ABC Tradu\u00e7\u00f5es | Servi\u00e7os de Tradu\u00e7\u00e3o e Interpreta\u00e7\u00e3o!\",\"description\":\"Mais do que palavras, traduzimos ideias.\",\"publisher\":{\"@id\":\"https:\/\/abctraducoes.pt\/#organization\"},\"potentialAction\":[{\"@type\":\"SearchAction\",\"target\":{\"@type\":\"EntryPoint\",\"urlTemplate\":\"https:\/\/abctraducoes.pt\/?s={search_term_string}\"},\"query-input\":\"required name=search_term_string\"}],\"inLanguage\":\"fr-FR\"},{\"@type\":\"Organization\",\"@id\":\"https:\/\/abctraducoes.pt\/#organization\",\"name\":\"ABC Tradu\u00e7\u00f5es\",\"url\":\"https:\/\/abctraducoes.pt\/\",\"logo\":{\"@type\":\"ImageObject\",\"inLanguage\":\"fr-FR\",\"@id\":\"https:\/\/abctraducoes.pt\/#\/schema\/logo\/image\/\",\"url\":\"https:\/\/abctraducoes.pt\/wp-content\/uploads\/2019\/11\/abc-traducoes-logotipo-website.png\",\"contentUrl\":\"https:\/\/abctraducoes.pt\/wp-content\/uploads\/2019\/11\/abc-traducoes-logotipo-website.png\",\"width\":432,\"height\":193,\"caption\":\"ABC Tradu\u00e7\u00f5es\"},\"image\":{\"@id\":\"https:\/\/abctraducoes.pt\/#\/schema\/logo\/image\/\"},\"sameAs\":[\"https:\/\/www.facebook.com\/abctraducoes\/\"]}]}<\/script>\n<!-- \/ Yoast SEO plugin. -->","yoast_head_json":{"title":"ABC Tradu\u00e7\u00f5es | Termes et Conditions","description":"En acc\u00e9dant \u00e0 ce site-web, l'utilisateur d\u00e9clare avoir lu, compris et accept\u00e9 les termes d'utilisation d\u00e9crits ci-dessous, sans \u00eatre tenu de tout autre acte ou consentement post\u00e9rieur.","robots":{"index":"index","follow":"follow","max-snippet":"max-snippet:-1","max-image-preview":"max-image-preview:large","max-video-preview":"max-video-preview:-1"},"canonical":"https:\/\/abctraducoes.pt\/fr\/termes-et-conditions\/","og_locale":"fr_FR","og_type":"article","og_title":"ABC Tradu\u00e7\u00f5es | Termes et Conditions","og_description":"En acc\u00e9dant \u00e0 ce site-web, l'utilisateur d\u00e9clare avoir lu, compris et accept\u00e9 les termes d'utilisation d\u00e9crits ci-dessous, sans \u00eatre tenu de tout autre acte ou consentement post\u00e9rieur.","og_url":"https:\/\/abctraducoes.pt\/fr\/termes-et-conditions\/","og_site_name":"ABC Tradu\u00e7\u00f5es","article_publisher":"https:\/\/www.facebook.com\/abctraducoes\/","article_modified_time":"2023-04-24T15:45:07+00:00","twitter_card":"summary_large_image","twitter_misc":{"Dur\u00e9e de lecture estim\u00e9e":"8 minutes"},"schema":{"@context":"https:\/\/schema.org","@graph":[{"@type":"WebPage","@id":"https:\/\/abctraducoes.pt\/fr\/termes-et-conditions\/","url":"https:\/\/abctraducoes.pt\/fr\/termes-et-conditions\/","name":"ABC Tradu\u00e7\u00f5es | Termes et Conditions","isPartOf":{"@id":"https:\/\/abctraducoes.pt\/#website"},"datePublished":"2020-10-13T11:25:31+00:00","dateModified":"2023-04-24T15:45:07+00:00","description":"En acc\u00e9dant \u00e0 ce site-web, l'utilisateur d\u00e9clare avoir lu, compris et accept\u00e9 les termes d'utilisation d\u00e9crits ci-dessous, sans \u00eatre tenu de tout autre acte ou consentement post\u00e9rieur.","breadcrumb":{"@id":"https:\/\/abctraducoes.pt\/fr\/termes-et-conditions\/#breadcrumb"},"inLanguage":"fr-FR","potentialAction":[{"@type":"ReadAction","target":["https:\/\/abctraducoes.pt\/fr\/termes-et-conditions\/"]}]},{"@type":"BreadcrumbList","@id":"https:\/\/abctraducoes.pt\/fr\/termes-et-conditions\/#breadcrumb","itemListElement":[{"@type":"ListItem","position":1,"name":"In\u00edcio","item":"https:\/\/abctraducoes.pt\/fr\/"},{"@type":"ListItem","position":2,"name":"Termes et Conditions"}]},{"@type":"WebSite","@id":"https:\/\/abctraducoes.pt\/#website","url":"https:\/\/abctraducoes.pt\/","name":"ABC Tradu\u00e7\u00f5es | Servi\u00e7os de Tradu\u00e7\u00e3o e Interpreta\u00e7\u00e3o!","description":"Mais do que palavras, traduzimos ideias.","publisher":{"@id":"https:\/\/abctraducoes.pt\/#organization"},"potentialAction":[{"@type":"SearchAction","target":{"@type":"EntryPoint","urlTemplate":"https:\/\/abctraducoes.pt\/?s={search_term_string}"},"query-input":"required name=search_term_string"}],"inLanguage":"fr-FR"},{"@type":"Organization","@id":"https:\/\/abctraducoes.pt\/#organization","name":"ABC Tradu\u00e7\u00f5es","url":"https:\/\/abctraducoes.pt\/","logo":{"@type":"ImageObject","inLanguage":"fr-FR","@id":"https:\/\/abctraducoes.pt\/#\/schema\/logo\/image\/","url":"https:\/\/abctraducoes.pt\/wp-content\/uploads\/2019\/11\/abc-traducoes-logotipo-website.png","contentUrl":"https:\/\/abctraducoes.pt\/wp-content\/uploads\/2019\/11\/abc-traducoes-logotipo-website.png","width":432,"height":193,"caption":"ABC Tradu\u00e7\u00f5es"},"image":{"@id":"https:\/\/abctraducoes.pt\/#\/schema\/logo\/image\/"},"sameAs":["https:\/\/www.facebook.com\/abctraducoes\/"]}]}},"_links":{"self":[{"href":"https:\/\/abctraducoes.pt\/fr\/wp-json\/wp\/v2\/pages\/4934","targetHints":{"allow":["GET"]}}],"collection":[{"href":"https:\/\/abctraducoes.pt\/fr\/wp-json\/wp\/v2\/pages"}],"about":[{"href":"https:\/\/abctraducoes.pt\/fr\/wp-json\/wp\/v2\/types\/page"}],"author":[{"embeddable":true,"href":"https:\/\/abctraducoes.pt\/fr\/wp-json\/wp\/v2\/users\/1"}],"replies":[{"embeddable":true,"href":"https:\/\/abctraducoes.pt\/fr\/wp-json\/wp\/v2\/comments?post=4934"}],"version-history":[{"count":0,"href":"https:\/\/abctraducoes.pt\/fr\/wp-json\/wp\/v2\/pages\/4934\/revisions"}],"wp:attachment":[{"href":"https:\/\/abctraducoes.pt\/fr\/wp-json\/wp\/v2\/media?parent=4934"}],"curies":[{"name":"wp","href":"https:\/\/api.w.org\/{rel}","templated":true}]}}