{"id":4982,"date":"2020-10-19T10:39:24","date_gmt":"2020-10-19T10:39:24","guid":{"rendered":"https:\/\/abctraducoes.pt\/login\/"},"modified":"2020-10-19T10:39:27","modified_gmt":"2020-10-19T10:39:27","slug":"login","status":"publish","type":"page","link":"https:\/\/abctraducoes.pt\/en\/login\/","title":{"rendered":"Login"},"content":{"rendered":"\t\t<div data-elementor-type=\"wp-page\" data-elementor-id=\"4982\" class=\"elementor elementor-4982 elementor-3155\" data-elementor-settings=\"[]\">\n\t\t\t\t\t\t\t<div class=\"elementor-section-wrap\">\n\t\t\t\t\t\t\t<section data-particle_enable=\"false\" class=\"elementor-section elementor-top-section elementor-element elementor-element-90c607f elementor-section-full_width elementor-section-height-min-height elementor-section-height-default elementor-section-items-middle\" data-id=\"90c607f\" data-element_type=\"section\">\n\t\t\t\t\t\t<div class=\"elementor-container elementor-column-gap-default\">\n\t\t\t\t\t<div class=\"elementor-column elementor-col-100 elementor-top-column elementor-element elementor-element-5ebc837\" data-id=\"5ebc837\" data-element_type=\"column\">\n\t\t\t<div class=\"elementor-widget-wrap elementor-element-populated\">\n\t\t\t\t\t\t\t\t<section data-particle_enable=\"false\" class=\"elementor-section elementor-inner-section elementor-element elementor-element-25ce25f elementor-section-boxed elementor-section-height-default elementor-section-height-default\" data-id=\"25ce25f\" data-element_type=\"section\">\n\t\t\t\t\t\t<div class=\"elementor-container elementor-column-gap-default\">\n\t\t\t\t\t<div class=\"elementor-column elementor-col-100 elementor-inner-column elementor-element elementor-element-a6b284f\" data-id=\"a6b284f\" data-element_type=\"column\">\n\t\t\t<div class=\"elementor-widget-wrap elementor-element-populated\">\n\t\t\t\t\t\t\t\t<div class=\"elementor-element elementor-element-c0da933 elementor-widget elementor-widget-heading\" data-id=\"c0da933\" data-element_type=\"widget\" data-widget_type=\"heading.default\">\n\t\t\t\t<div class=\"elementor-widget-container\">\n\t\t\t<h1 class=\"elementor-heading-title elementor-size-default\">ABC TRADU\u00c7\u00d5ES | BACKOFFICE<\/h1>\t\t<\/div>\n\t\t\t\t<\/div>\n\t\t\t\t<div class=\"elementor-element elementor-element-814dc94 elementor-widget-divider--view-line elementor-widget elementor-widget-divider\" data-id=\"814dc94\" data-element_type=\"widget\" data-widget_type=\"divider.default\">\n\t\t\t\t<div class=\"elementor-widget-container\">\n\t\t\t\t\t<div class=\"elementor-divider\">\n\t\t\t<span class=\"elementor-divider-separator\">\n\t\t\t\t\t\t<\/span>\n\t\t<\/div>\n\t\t\t\t<\/div>\n\t\t\t\t<\/div>\n\t\t\t\t<div class=\"elementor-element elementor-element-acbcbcf elementor-widget elementor-widget-heading\" data-id=\"acbcbcf\" data-element_type=\"widget\" data-widget_type=\"heading.default\">\n\t\t\t\t<div class=\"elementor-widget-container\">\n\t\t\t<h1 class=\"elementor-heading-title elementor-size-default\">LOGIN<\/h1>\t\t<\/div>\n\t\t\t\t<\/div>\n\t\t\t\t<div class=\"elementor-element elementor-element-4a125d0 elementor-button-align-stretch elementor-widget elementor-widget-login\" data-id=\"4a125d0\" data-element_type=\"widget\" data-widget_type=\"login.default\">\n\t\t\t\t<div class=\"elementor-widget-container\">\n\t\t\t\t\t<form class=\"elementor-login elementor-form\" method=\"post\" action=\"https:\/\/abctraducoes.pt\/wp-login.php\">\n\t\t\t<input type=\"hidden\" name=\"redirect_to\" value=\"https:\/\/abctraducoes.pt\/wp-admin\/\">\n\t\t\t<div class=\"elementor-form-fields-wrapper\">\n\t\t\t\t<div class=\"elementor-field-type-text elementor-field-group elementor-column elementor-col-100 elementor-field-required\">\n\t\t\t\t\t<label for=\"user\">Username or Email <\/label>\t\t\t\t\t<input size=\"1\" type=\"text\" name=\"log\" id=\"user\" placeholder=\"\" class=\"elementor-field elementor-field-textual elementor-size-sm\">\n\t\t\t\t<\/div>\n\t\t\t\t<div class=\"elementor-field-type-text elementor-field-group elementor-column elementor-col-100 elementor-field-required\">\n\t\t\t\t\t<label for=\"password\">Password<\/label>\t\t\t\t\t<input size=\"1\" type=\"password\" name=\"pwd\" id=\"password\" placeholder=\"\" class=\"elementor-field elementor-field-textual elementor-size-sm\">\n\t\t\t\t<\/div>\n\n\t\t\t\t\t\t\t\t\t<div class=\"elementor-field-type-checkbox elementor-field-group elementor-column elementor-col-100 elementor-remember-me\">\n\t\t\t\t\t\t<label for=\"elementor-login-remember-me\">\n\t\t\t\t\t\t\t<input type=\"checkbox\" id=\"elementor-login-remember-me\" name=\"rememberme\" value=\"forever\">\n\t\t\t\t\t\t\tRemember Me\t\t\t\t\t\t<\/label>\n\t\t\t\t\t<\/div>\n\t\t\t\t\n\t\t\t\t<div class=\"elementor-field-group elementor-column elementor-field-type-submit elementor-col-100\">\n\t\t\t\t\t<button type=\"submit\" class=\"elementor-size-sm elementor-button\" name=\"wp-submit\">\n\t\t\t\t\t\t\t\t\t\t\t\t\t\t\t<span class=\"elementor-button-text\">LOG IN<\/span>\n\t\t\t\t\t\t\t\t\t\t\t\t<\/button>\n\t\t\t\t<\/div>\n\n\t\t\t\t\t\t\t\t\t<div class=\"elementor-field-group elementor-column elementor-col-100\">\n\t\t\t\t\t\t\t\t\t\t\t\t\t\t\t\t\t\t\t\t<a class=\"elementor-lost-password\" href=\"https:\/\/abctraducoes.pt\/wp-login.php?action=lostpassword&redirect_to=https%3A%2F%2Fabctraducoes.pt%2Fwp-admin%2F\">\n\t\t\t\t\t\t\t\tLost your password?\t\t\t\t\t\t\t<\/a>\n\t\t\t\t\t\t\n\t\t\t\t\t\t\t\t\t\t\t<\/div>\n\t\t\t\t\t\t\t<\/div>\n\t\t<\/form>\n\t\t\t\t<\/div>\n\t\t\t\t<\/div>\n\t\t\t\t\t<\/div>\n\t\t<\/div>\n\t\t\t\t\t\t\t<\/div>\n\t\t<\/section>\n\t\t\t\t\t<\/div>\n\t\t<\/div>\n\t\t\t\t\t\t\t<\/div>\n\t\t<\/section>\n\t\t\t\t\t\t<\/div>\n\t\t\t\t\t<\/div>\n\t\t","protected":false},"excerpt":{"rendered":"<p>ABC TRADU\u00c7\u00d5ES | BACKOFFICE LOGIN<\/p>\n","protected":false},"author":1,"featured_media":0,"parent":0,"menu_order":0,"comment_status":"closed","ping_status":"closed","template":"elementor_canvas","meta":{"footnotes":""},"class_list":["post-4982","page","type-page","status-publish","hentry"],"yoast_head":"<!-- This site is optimized with the Yoast SEO plugin v22.0 - https:\/\/yoast.com\/wordpress\/plugins\/seo\/ -->\n<title>Login | ABC Tradu\u00e7\u00f5es<\/title>\n<meta name=\"robots\" content=\"index, follow, max-snippet:-1, max-image-preview:large, max-video-preview:-1\" \/>\n<link rel=\"canonical\" href=\"https:\/\/abctraducoes.pt\/en\/login\/\" \/>\n<meta property=\"og:locale\" content=\"en_US\" \/>\n<meta property=\"og:type\" content=\"article\" \/>\n<meta property=\"og:title\" content=\"Login | ABC Tradu\u00e7\u00f5es\" \/>\n<meta property=\"og:description\" content=\"ABC TRADU\u00c7\u00d5ES | BACKOFFICE LOGIN\" \/>\n<meta property=\"og:url\" content=\"https:\/\/abctraducoes.pt\/en\/login\/\" \/>\n<meta property=\"og:site_name\" content=\"ABC Tradu\u00e7\u00f5es\" \/>\n<meta property=\"article:publisher\" content=\"https:\/\/www.facebook.com\/abctraducoes\/\" \/>\n<meta property=\"article:modified_time\" content=\"2020-10-19T10:39:27+00:00\" \/>\n<meta name=\"twitter:card\" content=\"summary_large_image\" \/>\n<script type=\"application\/ld+json\" class=\"yoast-schema-graph\">{\"@context\":\"https:\/\/schema.org\",\"@graph\":[{\"@type\":\"WebPage\",\"@id\":\"https:\/\/abctraducoes.pt\/en\/login\/\",\"url\":\"https:\/\/abctraducoes.pt\/en\/login\/\",\"name\":\"Login | ABC Tradu\u00e7\u00f5es\",\"isPartOf\":{\"@id\":\"https:\/\/abctraducoes.pt\/#website\"},\"datePublished\":\"2020-10-19T10:39:24+00:00\",\"dateModified\":\"2020-10-19T10:39:27+00:00\",\"breadcrumb\":{\"@id\":\"https:\/\/abctraducoes.pt\/en\/login\/#breadcrumb\"},\"inLanguage\":\"en-US\",\"potentialAction\":[{\"@type\":\"ReadAction\",\"target\":[\"https:\/\/abctraducoes.pt\/en\/login\/\"]}]},{\"@type\":\"BreadcrumbList\",\"@id\":\"https:\/\/abctraducoes.pt\/en\/login\/#breadcrumb\",\"itemListElement\":[{\"@type\":\"ListItem\",\"position\":1,\"name\":\"In\u00edcio\",\"item\":\"https:\/\/abctraducoes.pt\/en\/inicio\/\"},{\"@type\":\"ListItem\",\"position\":2,\"name\":\"Login\"}]},{\"@type\":\"WebSite\",\"@id\":\"https:\/\/abctraducoes.pt\/#website\",\"url\":\"https:\/\/abctraducoes.pt\/\",\"name\":\"ABC Tradu\u00e7\u00f5es | Servi\u00e7os de Tradu\u00e7\u00e3o e Interpreta\u00e7\u00e3o!\",\"description\":\"Mais do que palavras, traduzimos ideias.\",\"publisher\":{\"@id\":\"https:\/\/abctraducoes.pt\/#organization\"},\"potentialAction\":[{\"@type\":\"SearchAction\",\"target\":{\"@type\":\"EntryPoint\",\"urlTemplate\":\"https:\/\/abctraducoes.pt\/?s={search_term_string}\"},\"query-input\":\"required name=search_term_string\"}],\"inLanguage\":\"en-US\"},{\"@type\":\"Organization\",\"@id\":\"https:\/\/abctraducoes.pt\/#organization\",\"name\":\"ABC Tradu\u00e7\u00f5es\",\"url\":\"https:\/\/abctraducoes.pt\/\",\"logo\":{\"@type\":\"ImageObject\",\"inLanguage\":\"en-US\",\"@id\":\"https:\/\/abctraducoes.pt\/#\/schema\/logo\/image\/\",\"url\":\"https:\/\/abctraducoes.pt\/wp-content\/uploads\/2019\/11\/abc-traducoes-logotipo-website.png\",\"contentUrl\":\"https:\/\/abctraducoes.pt\/wp-content\/uploads\/2019\/11\/abc-traducoes-logotipo-website.png\",\"width\":432,\"height\":193,\"caption\":\"ABC Tradu\u00e7\u00f5es\"},\"image\":{\"@id\":\"https:\/\/abctraducoes.pt\/#\/schema\/logo\/image\/\"},\"sameAs\":[\"https:\/\/www.facebook.com\/abctraducoes\/\"]}]}<\/script>\n<!-- \/ Yoast SEO plugin. -->","yoast_head_json":{"title":"Login | ABC Tradu\u00e7\u00f5es","robots":{"index":"index","follow":"follow","max-snippet":"max-snippet:-1","max-image-preview":"max-image-preview:large","max-video-preview":"max-video-preview:-1"},"canonical":"https:\/\/abctraducoes.pt\/en\/login\/","og_locale":"en_US","og_type":"article","og_title":"Login | ABC Tradu\u00e7\u00f5es","og_description":"ABC TRADU\u00c7\u00d5ES | BACKOFFICE LOGIN","og_url":"https:\/\/abctraducoes.pt\/en\/login\/","og_site_name":"ABC Tradu\u00e7\u00f5es","article_publisher":"https:\/\/www.facebook.com\/abctraducoes\/","article_modified_time":"2020-10-19T10:39:27+00:00","twitter_card":"summary_large_image","schema":{"@context":"https:\/\/schema.org","@graph":[{"@type":"WebPage","@id":"https:\/\/abctraducoes.pt\/en\/login\/","url":"https:\/\/abctraducoes.pt\/en\/login\/","name":"Login | ABC Tradu\u00e7\u00f5es","isPartOf":{"@id":"https:\/\/abctraducoes.pt\/#website"},"datePublished":"2020-10-19T10:39:24+00:00","dateModified":"2020-10-19T10:39:27+00:00","breadcrumb":{"@id":"https:\/\/abctraducoes.pt\/en\/login\/#breadcrumb"},"inLanguage":"en-US","potentialAction":[{"@type":"ReadAction","target":["https:\/\/abctraducoes.pt\/en\/login\/"]}]},{"@type":"BreadcrumbList","@id":"https:\/\/abctraducoes.pt\/en\/login\/#breadcrumb","itemListElement":[{"@type":"ListItem","position":1,"name":"In\u00edcio","item":"https:\/\/abctraducoes.pt\/en\/inicio\/"},{"@type":"ListItem","position":2,"name":"Login"}]},{"@type":"WebSite","@id":"https:\/\/abctraducoes.pt\/#website","url":"https:\/\/abctraducoes.pt\/","name":"ABC Tradu\u00e7\u00f5es | Servi\u00e7os de Tradu\u00e7\u00e3o e Interpreta\u00e7\u00e3o!","description":"Mais do que palavras, traduzimos ideias.","publisher":{"@id":"https:\/\/abctraducoes.pt\/#organization"},"potentialAction":[{"@type":"SearchAction","target":{"@type":"EntryPoint","urlTemplate":"https:\/\/abctraducoes.pt\/?s={search_term_string}"},"query-input":"required name=search_term_string"}],"inLanguage":"en-US"},{"@type":"Organization","@id":"https:\/\/abctraducoes.pt\/#organization","name":"ABC Tradu\u00e7\u00f5es","url":"https:\/\/abctraducoes.pt\/","logo":{"@type":"ImageObject","inLanguage":"en-US","@id":"https:\/\/abctraducoes.pt\/#\/schema\/logo\/image\/","url":"https:\/\/abctraducoes.pt\/wp-content\/uploads\/2019\/11\/abc-traducoes-logotipo-website.png","contentUrl":"https:\/\/abctraducoes.pt\/wp-content\/uploads\/2019\/11\/abc-traducoes-logotipo-website.png","width":432,"height":193,"caption":"ABC Tradu\u00e7\u00f5es"},"image":{"@id":"https:\/\/abctraducoes.pt\/#\/schema\/logo\/image\/"},"sameAs":["https:\/\/www.facebook.com\/abctraducoes\/"]}]}},"_links":{"self":[{"href":"https:\/\/abctraducoes.pt\/en\/wp-json\/wp\/v2\/pages\/4982","targetHints":{"allow":["GET"]}}],"collection":[{"href":"https:\/\/abctraducoes.pt\/en\/wp-json\/wp\/v2\/pages"}],"about":[{"href":"https:\/\/abctraducoes.pt\/en\/wp-json\/wp\/v2\/types\/page"}],"author":[{"embeddable":true,"href":"https:\/\/abctraducoes.pt\/en\/wp-json\/wp\/v2\/users\/1"}],"replies":[{"embeddable":true,"href":"https:\/\/abctraducoes.pt\/en\/wp-json\/wp\/v2\/comments?post=4982"}],"version-history":[{"count":0,"href":"https:\/\/abctraducoes.pt\/en\/wp-json\/wp\/v2\/pages\/4982\/revisions"}],"wp:attachment":[{"href":"https:\/\/abctraducoes.pt\/en\/wp-json\/wp\/v2\/media?parent=4982"}],"curies":[{"name":"wp","href":"https:\/\/api.w.org\/{rel}","templated":true}]}}