{"id":3981,"date":"2019-11-12T15:54:43","date_gmt":"2019-11-12T15:54:43","guid":{"rendered":"https:\/\/alexandresousa.pt\/privacy-policy\/"},"modified":"2022-12-27T15:18:58","modified_gmt":"2022-12-27T15:18:58","slug":"privacy-policy","status":"publish","type":"page","link":"https:\/\/abctraducoes.pt\/en\/privacy-policy\/","title":{"rendered":"Privacy Policy"},"content":{"rendered":"\t\t<div data-elementor-type=\"wp-page\" data-elementor-id=\"3981\" class=\"elementor elementor-3981 elementor-427\" data-elementor-settings=\"[]\">\n\t\t\t\t\t\t\t<div class=\"elementor-section-wrap\">\n\t\t\t\t\t\t\t<section data-particle_enable=\"false\" class=\"elementor-section elementor-top-section elementor-element elementor-element-79ece4c elementor-section-stretched elementor-section-height-min-height elementor-section-boxed elementor-section-height-default elementor-section-items-middle\" data-id=\"79ece4c\" data-element_type=\"section\" data-settings=\"{&quot;stretch_section&quot;:&quot;section-stretched&quot;,&quot;background_background&quot;:&quot;classic&quot;}\">\n\t\t\t\t\t\t\t<div class=\"elementor-background-overlay\"><\/div>\n\t\t\t\t\t\t\t<div class=\"elementor-container elementor-column-gap-default\">\n\t\t\t\t\t<div class=\"elementor-column elementor-col-100 elementor-top-column elementor-element elementor-element-93f0df0\" data-id=\"93f0df0\" data-element_type=\"column\">\n\t\t\t<div class=\"elementor-widget-wrap elementor-element-populated\">\n\t\t\t\t\t\t\t\t<div class=\"elementor-element elementor-element-820c02d elementor-widget elementor-widget-heading\" data-id=\"820c02d\" data-element_type=\"widget\" data-widget_type=\"heading.default\">\n\t\t\t\t<div class=\"elementor-widget-container\">\n\t\t\t<h1 class=\"elementor-heading-title elementor-size-medium\">Privacy Policy<\/h1>\t\t<\/div>\n\t\t\t\t<\/div>\n\t\t\t\t\t<\/div>\n\t\t<\/div>\n\t\t\t\t\t\t\t<\/div>\n\t\t<\/section>\n\t\t\t\t<section data-particle_enable=\"false\" class=\"elementor-section elementor-top-section elementor-element elementor-element-43c378c2 elementor-section-boxed elementor-section-height-default elementor-section-height-default\" data-id=\"43c378c2\" data-element_type=\"section\">\n\t\t\t\t\t\t<div class=\"elementor-container elementor-column-gap-default\">\n\t\t\t\t\t<div class=\"elementor-column elementor-col-100 elementor-top-column elementor-element elementor-element-6203e41e\" data-id=\"6203e41e\" data-element_type=\"column\">\n\t\t\t<div class=\"elementor-widget-wrap elementor-element-populated\">\n\t\t\t\t\t\t\t\t<div class=\"elementor-element elementor-element-267f26c6 elementor-widget elementor-widget-spacer\" data-id=\"267f26c6\" data-element_type=\"widget\" data-widget_type=\"spacer.default\">\n\t\t\t\t<div class=\"elementor-widget-container\">\n\t\t\t\t\t<div class=\"elementor-spacer\">\n\t\t\t<div class=\"elementor-spacer-inner\"><\/div>\n\t\t<\/div>\n\t\t\t\t<\/div>\n\t\t\t\t<\/div>\n\t\t\t\t<div class=\"elementor-element elementor-element-139a1d3e elementor-widget elementor-widget-text-editor\" data-id=\"139a1d3e\" data-element_type=\"widget\" data-widget_type=\"text-editor.default\">\n\t\t\t\t<div class=\"elementor-widget-container\">\n\t\t\t\t\t\t\t<p class=\"western\" lang=\"pt-PT\" align=\"justify\"><span lang=\"en-US\">Ana Bela Cabral Servi\u00e7os Lingu\u00edsticos L.da (ABC Tradu\u00e7\u00f5es) fully complies with Regulation (EU) 2016\/679 of the European Union and of the C<\/span><span lang=\"en-US\">ouncil <\/span><span lang=\"en-US\">of 27 April 2016 \u2013 General Data Protection Regulation on matters of collection, processing, storage and access to personal data, guaranteeing the implementation of technical and organizational measures suitable for the protection of the personal data of its subjects.<\/span><\/p>\n<p class=\"western\" lang=\"pt-PT\" align=\"justify\"><span lang=\"en-US\"> Within this context, we must inform you of the following:<\/span><\/p>\n<h4 class=\"western\" lang=\"pt-PT\" align=\"justify\"><span lang=\"en-US\"><u>Personal Data, Lawfulness of its Collection and Processing<\/u><\/span><span lang=\"en-US\">:<\/span><\/h4>\n<p class=\"western\" lang=\"pt-PT\" align=\"justify\"><span lang=\"en-US\">Ana Bela Cabral L.da only collects and processes personal data within the scope of an established contractual relationship entered into with its subjects.<\/span><\/p>\n<p class=\"western\" lang=\"pt-PT\" align=\"justify\"><span lang=\"en-US\">The personal data collected by this company includes name, address, telephone number and tax identification.<\/span><\/p>\n<p class=\"western\" lang=\"pt-PT\" align=\"justify\"><span lang=\"en-US\">Given its commercial activity \u2013 translation of documents &#8211; Ana Bela Cabral L.da will also have knowledge of other personal data, which is also subject to protection under the terms of the abovementioned regulation.<\/span><\/p>\n<h4 class=\"western\" lang=\"pt-PT\" align=\"justify\"><span lang=\"en-US\"><u>Purpose:<\/u><\/span><\/h4>\n<p class=\"western\" lang=\"pt-PT\" align=\"justify\"><span lang=\"en-US\">The personal data collected is suitable for and limited to its purpose and shall be used solely in compliance with the existing contractual and pre-contractual relationship (quotations and rendering of services) and in compliance with the legally established obligations.<\/span><\/p>\n<p class=\"western\" lang=\"pt-PT\" align=\"justify\"><span lang=\"en-US\"><u>Data Transmission:<\/u><\/span><\/p>\n<p class=\"western\" lang=\"pt-PT\" align=\"justify\"><span lang=\"en-US\">The data collected by Ana Bela Cabral L.da is only transmitted to:<\/span><\/p>\n<p class=\"western\" lang=\"pt-PT\" align=\"justify\"><span lang=\"en-US\">&#8211; Mandatory entities under the exact terms established by Law for compliance with all legal obligations (ex: Tax Authority).<\/span><\/p>\n<p class=\"western\" lang=\"pt-PT\" align=\"justify\"><span lang=\"en-US\">&#8211; Partner entities to which Ana Bela Cabral L.da resorts to execute works. Trustworthy partners, who are under specific contractual obligation and can only use the data collected exclusively within the scope of the existing contractual relationship.<\/span><\/p>\n<p class=\"western\" lang=\"pt-PT\" align=\"justify\"><span lang=\"en-US\">This data will only be transmitted to third parties not contemplated herein and used for different purposes than those mentioned above, with the data subject\u2019s prior explicit consent.<\/span><\/p>\n<h4 class=\"western\" lang=\"pt-PT\" align=\"justify\"><span lang=\"en-US\"><br \/>\n<\/span><span lang=\"en-US\"><u>Data Storage Period:<\/u><\/span><\/h4>\n<p class=\"western\" lang=\"pt-PT\" align=\"justify\"><span lang=\"en-US\">Your data will be stored while the contract is in force and for the period strictly necessary to comply with the legal obligations.<\/span><\/p>\n<p class=\"western\" lang=\"pt-PT\" align=\"justify\"><span lang=\"en-US\">With the exception of the abovementioned situation, the personal data gathered shall be kept for the 5 years following its collection.<\/span><\/p>\n<p class=\"western\" lang=\"pt-PT\" align=\"justify\"><span lang=\"en-US\"><u>Rights Relative to your Data: -Right of Access, Rectification, Erasure, Portability, Objection and Restriction of Processing of Personal Data:<\/u><\/span><\/p>\n<p class=\"western\" lang=\"pt-PT\" align=\"justify\"><span lang=\"en-US\">&#8211; Right of Access: Right to obtain confirmation as to whether your data is being processed or not and, should that be the case, to request access to it.<\/span><\/p>\n<p class=\"western\" lang=\"pt-PT\" align=\"justify\"><span lang=\"en-US\">&#8211; Right to Rectification: Right to obtain the rectification of personal data which you may consider imprecise or to complete incomplete information.<\/span><\/p>\n<p class=\"western\" lang=\"pt-PT\" align=\"justify\"><span lang=\"en-US\">&#8211; Right to Erasure: Right to obtain from us the erasure of your personal data (safeguarding the deadlines required by law).<\/span><\/p>\n<p class=\"western\" lang=\"pt-PT\" align=\"justify\"><span lang=\"en-US\">&#8211; Right to Object: Right to object to the processing of your personal data.<\/span><\/p>\n<p class=\"western\" lang=\"pt-PT\" align=\"justify\"><span lang=\"en-US\">&#8211; Right to Restrict the Processing of Data: Right to limit data processing activities.<\/span><\/p>\n<p class=\"western\" lang=\"pt-PT\" align=\"justify\"><span lang=\"en-US\">Whenever you want to exercise these exclusive rights relative to your personal data that has been collected, you can do so by sending us an email to alex@eleva.pt.<\/span><\/p>\n<p class=\"western\" lang=\"pt-PT\" align=\"justify\"><span lang=\"en-US\">Should there be a standard or legal obligation that overrides these rights, Ana Bela Cabral L.da shall not be able to abide by such a request and shall inform you of this impossibility and of its respective grounds.<\/span><\/p>\n<h4 class=\"western\" lang=\"pt-PT\" align=\"justify\"><span lang=\"en-US\"><u>Right to Complain:<\/u><\/span><\/h4>\n<p class=\"western\" lang=\"pt-PT\" align=\"justify\"><span lang=\"en-US\">We would like to inform you that the competent entity to manage complaints relative to the possible breach of your rights is the <\/span><i>Comiss\u00e3o Nacional de Protec\u00e7\u00e3o<\/i><span lang=\"en-US\"><i> de Dados<\/i><\/span><span lang=\"en-US\"> (National Data Protection Commission) (<\/span><u><a href=\"https:\/\/www.cnpd.pt\/\"><span lang=\"en-US\">https:\/\/www.cnpd.pt<\/span><\/a><\/u><span lang=\"en-US\">).<\/span><\/p>\n<p class=\"western\" lang=\"pt-PT\" align=\"justify\"><span lang=\"en-US\"><u>Entity responsible for processing the personal data:<\/u><\/span><\/p>\n<p class=\"western\" lang=\"pt-PT\" align=\"justify\"><span lang=\"en-US\">Ana Bela Cabral L.da is the entity responsible for processing your personal data, through automated means or otherwise, from its collection, organization, and storage to its erasure.<\/span><\/p>\n<h4 class=\"western\" lang=\"pt-PT\" align=\"justify\"><span lang=\"en-US\"><br \/>\n<\/span><span lang=\"en-US\"><u>Contacts:<\/u><\/span><\/h4>\n<p class=\"western\" lang=\"pt-PT\" align=\"justify\"><span lang=\"en-US\">Ana Bela Cabral Servi\u00e7os Lingu\u00edsticos L.da, tax identification and corporate no. 505\u00a0719 410;<\/span><\/p>\n<p class=\"western\" lang=\"pt-PT\" align=\"justify\"><span lang=\"en-US\">Headquarters \u2013 <\/span>Bairro de Sta. Eug\u00e9nia, Lote 22 A loja 2<\/p>\n<p class=\"western\" lang=\"pt-PT\" align=\"justify\"><span lang=\"en-US\">E-mail: geral@abctraducoes.pt<\/span><\/p>\n<p class=\"western\" lang=\"pt-PT\" align=\"left\"><span lang=\"en-US\">Telephone: +351 232 431 143<br \/>\n<\/span><\/p>\n<p class=\"western\" lang=\"pt-PT\" align=\"justify\"><span lang=\"en-US\">Ana Bela Cabral L.da reserves the right to correct or update its Privacy Policy.<\/span><\/p>\n<p class=\"western\" lang=\"pt-PT\" align=\"justify\"><span lang=\"en-US\">Viseu, 25 May 2018<\/span><\/p>\n<p class=\"western\" lang=\"pt-PT\" align=\"justify\"><span lang=\"en-US\">The Management,<\/span><\/p>\n<p lang=\"pt-PT\" align=\"justify\">ABC Tradu\u00e7\u00f5es<\/p>\n<p lang=\"pt-PT\" align=\"justify\">\n\t\t\t\t\t\t<\/div>\n\t\t\t\t<\/div>\n\t\t\t\t<div class=\"elementor-element elementor-element-5b692c5b elementor-widget elementor-widget-spacer\" data-id=\"5b692c5b\" data-element_type=\"widget\" data-widget_type=\"spacer.default\">\n\t\t\t\t<div class=\"elementor-widget-container\">\n\t\t\t\t\t<div class=\"elementor-spacer\">\n\t\t\t<div class=\"elementor-spacer-inner\"><\/div>\n\t\t<\/div>\n\t\t\t\t<\/div>\n\t\t\t\t<\/div>\n\t\t\t\t\t<\/div>\n\t\t<\/div>\n\t\t\t\t\t\t\t<\/div>\n\t\t<\/section>\n\t\t\t\t\t\t<\/div>\n\t\t\t\t\t<\/div>\n\t\t","protected":false},"excerpt":{"rendered":"<p>Privacy Policy Ana Bela Cabral Servi\u00e7os Lingu\u00edsticos L.da (ABC Tradu\u00e7\u00f5es) fully complies with Regulation (EU) 2016\/679 of the European Union and of the Council of 27 April 2016 \u2013 General Data Protection Regulation on matters of collection, processing, storage and access to personal data, guaranteeing the implementation of technical and organizational measures suitable for the [&hellip;]<\/p>\n","protected":false},"author":1,"featured_media":0,"parent":0,"menu_order":0,"comment_status":"closed","ping_status":"closed","template":"elementor_header_footer","meta":{"footnotes":""},"class_list":["post-3981","page","type-page","status-publish","hentry"],"yoast_head":"<!-- This site is optimized with the Yoast SEO plugin v22.0 - https:\/\/yoast.com\/wordpress\/plugins\/seo\/ -->\n<title>ABC Tradu\u00e7\u00f5es | Privacy Policy<\/title>\n<meta name=\"description\" content=\"Ana Bela Cabral Servi\u00e7os Lingu\u00edsticos L.da (ABC Tradu\u00e7\u00f5es) fully complies with Regulation (EU) 2016\/679 of the European Union and of the Council of 27 April 2016 \u2013 General Data Protection Regulation.\" \/>\n<meta name=\"robots\" content=\"index, follow, max-snippet:-1, max-image-preview:large, max-video-preview:-1\" \/>\n<link rel=\"canonical\" href=\"https:\/\/abctraducoes.pt\/en\/privacy-policy\/\" \/>\n<meta property=\"og:locale\" content=\"en_US\" \/>\n<meta property=\"og:type\" content=\"article\" \/>\n<meta property=\"og:title\" content=\"ABC Tradu\u00e7\u00f5es | Privacy Policy\" \/>\n<meta property=\"og:description\" content=\"Ana Bela Cabral Servi\u00e7os Lingu\u00edsticos L.da (ABC Tradu\u00e7\u00f5es) fully complies with Regulation (EU) 2016\/679 of the European Union and of the Council of 27 April 2016 \u2013 General Data Protection Regulation.\" \/>\n<meta property=\"og:url\" content=\"https:\/\/abctraducoes.pt\/en\/privacy-policy\/\" \/>\n<meta property=\"og:site_name\" content=\"ABC Tradu\u00e7\u00f5es\" \/>\n<meta property=\"article:publisher\" content=\"https:\/\/www.facebook.com\/abctraducoes\/\" \/>\n<meta property=\"article:modified_time\" content=\"2022-12-27T15:18:58+00:00\" \/>\n<meta name=\"twitter:card\" content=\"summary_large_image\" \/>\n<meta name=\"twitter:label1\" content=\"Est. reading time\" \/>\n\t<meta name=\"twitter:data1\" content=\"3 minutes\" \/>\n<script type=\"application\/ld+json\" class=\"yoast-schema-graph\">{\"@context\":\"https:\/\/schema.org\",\"@graph\":[{\"@type\":\"WebPage\",\"@id\":\"https:\/\/abctraducoes.pt\/en\/privacy-policy\/\",\"url\":\"https:\/\/abctraducoes.pt\/en\/privacy-policy\/\",\"name\":\"ABC Tradu\u00e7\u00f5es | Privacy Policy\",\"isPartOf\":{\"@id\":\"https:\/\/abctraducoes.pt\/#website\"},\"datePublished\":\"2019-11-12T15:54:43+00:00\",\"dateModified\":\"2022-12-27T15:18:58+00:00\",\"description\":\"Ana Bela Cabral Servi\u00e7os Lingu\u00edsticos L.da (ABC Tradu\u00e7\u00f5es) fully complies with Regulation (EU) 2016\/679 of the European Union and of the Council of 27 April 2016 \u2013 General Data Protection Regulation.\",\"breadcrumb\":{\"@id\":\"https:\/\/abctraducoes.pt\/en\/privacy-policy\/#breadcrumb\"},\"inLanguage\":\"en-US\",\"potentialAction\":[{\"@type\":\"ReadAction\",\"target\":[\"https:\/\/abctraducoes.pt\/en\/privacy-policy\/\"]}]},{\"@type\":\"BreadcrumbList\",\"@id\":\"https:\/\/abctraducoes.pt\/en\/privacy-policy\/#breadcrumb\",\"itemListElement\":[{\"@type\":\"ListItem\",\"position\":1,\"name\":\"In\u00edcio\",\"item\":\"https:\/\/abctraducoes.pt\/en\/inicio\/\"},{\"@type\":\"ListItem\",\"position\":2,\"name\":\"Privacy Policy\"}]},{\"@type\":\"WebSite\",\"@id\":\"https:\/\/abctraducoes.pt\/#website\",\"url\":\"https:\/\/abctraducoes.pt\/\",\"name\":\"ABC Tradu\u00e7\u00f5es | Servi\u00e7os de Tradu\u00e7\u00e3o e Interpreta\u00e7\u00e3o!\",\"description\":\"Mais do que palavras, traduzimos ideias.\",\"publisher\":{\"@id\":\"https:\/\/abctraducoes.pt\/#organization\"},\"potentialAction\":[{\"@type\":\"SearchAction\",\"target\":{\"@type\":\"EntryPoint\",\"urlTemplate\":\"https:\/\/abctraducoes.pt\/?s={search_term_string}\"},\"query-input\":\"required name=search_term_string\"}],\"inLanguage\":\"en-US\"},{\"@type\":\"Organization\",\"@id\":\"https:\/\/abctraducoes.pt\/#organization\",\"name\":\"ABC Tradu\u00e7\u00f5es\",\"url\":\"https:\/\/abctraducoes.pt\/\",\"logo\":{\"@type\":\"ImageObject\",\"inLanguage\":\"en-US\",\"@id\":\"https:\/\/abctraducoes.pt\/#\/schema\/logo\/image\/\",\"url\":\"https:\/\/abctraducoes.pt\/wp-content\/uploads\/2019\/11\/abc-traducoes-logotipo-website.png\",\"contentUrl\":\"https:\/\/abctraducoes.pt\/wp-content\/uploads\/2019\/11\/abc-traducoes-logotipo-website.png\",\"width\":432,\"height\":193,\"caption\":\"ABC Tradu\u00e7\u00f5es\"},\"image\":{\"@id\":\"https:\/\/abctraducoes.pt\/#\/schema\/logo\/image\/\"},\"sameAs\":[\"https:\/\/www.facebook.com\/abctraducoes\/\"]}]}<\/script>\n<!-- \/ Yoast SEO plugin. -->","yoast_head_json":{"title":"ABC Tradu\u00e7\u00f5es | Privacy Policy","description":"Ana Bela Cabral Servi\u00e7os Lingu\u00edsticos L.da (ABC Tradu\u00e7\u00f5es) fully complies with Regulation (EU) 2016\/679 of the European Union and of the Council of 27 April 2016 \u2013 General Data Protection Regulation.","robots":{"index":"index","follow":"follow","max-snippet":"max-snippet:-1","max-image-preview":"max-image-preview:large","max-video-preview":"max-video-preview:-1"},"canonical":"https:\/\/abctraducoes.pt\/en\/privacy-policy\/","og_locale":"en_US","og_type":"article","og_title":"ABC Tradu\u00e7\u00f5es | Privacy Policy","og_description":"Ana Bela Cabral Servi\u00e7os Lingu\u00edsticos L.da (ABC Tradu\u00e7\u00f5es) fully complies with Regulation (EU) 2016\/679 of the European Union and of the Council of 27 April 2016 \u2013 General Data Protection Regulation.","og_url":"https:\/\/abctraducoes.pt\/en\/privacy-policy\/","og_site_name":"ABC Tradu\u00e7\u00f5es","article_publisher":"https:\/\/www.facebook.com\/abctraducoes\/","article_modified_time":"2022-12-27T15:18:58+00:00","twitter_card":"summary_large_image","twitter_misc":{"Est. reading time":"3 minutes"},"schema":{"@context":"https:\/\/schema.org","@graph":[{"@type":"WebPage","@id":"https:\/\/abctraducoes.pt\/en\/privacy-policy\/","url":"https:\/\/abctraducoes.pt\/en\/privacy-policy\/","name":"ABC Tradu\u00e7\u00f5es | Privacy Policy","isPartOf":{"@id":"https:\/\/abctraducoes.pt\/#website"},"datePublished":"2019-11-12T15:54:43+00:00","dateModified":"2022-12-27T15:18:58+00:00","description":"Ana Bela Cabral Servi\u00e7os Lingu\u00edsticos L.da (ABC Tradu\u00e7\u00f5es) fully complies with Regulation (EU) 2016\/679 of the European Union and of the Council of 27 April 2016 \u2013 General Data Protection Regulation.","breadcrumb":{"@id":"https:\/\/abctraducoes.pt\/en\/privacy-policy\/#breadcrumb"},"inLanguage":"en-US","potentialAction":[{"@type":"ReadAction","target":["https:\/\/abctraducoes.pt\/en\/privacy-policy\/"]}]},{"@type":"BreadcrumbList","@id":"https:\/\/abctraducoes.pt\/en\/privacy-policy\/#breadcrumb","itemListElement":[{"@type":"ListItem","position":1,"name":"In\u00edcio","item":"https:\/\/abctraducoes.pt\/en\/inicio\/"},{"@type":"ListItem","position":2,"name":"Privacy Policy"}]},{"@type":"WebSite","@id":"https:\/\/abctraducoes.pt\/#website","url":"https:\/\/abctraducoes.pt\/","name":"ABC Tradu\u00e7\u00f5es | Servi\u00e7os de Tradu\u00e7\u00e3o e Interpreta\u00e7\u00e3o!","description":"Mais do que palavras, traduzimos ideias.","publisher":{"@id":"https:\/\/abctraducoes.pt\/#organization"},"potentialAction":[{"@type":"SearchAction","target":{"@type":"EntryPoint","urlTemplate":"https:\/\/abctraducoes.pt\/?s={search_term_string}"},"query-input":"required name=search_term_string"}],"inLanguage":"en-US"},{"@type":"Organization","@id":"https:\/\/abctraducoes.pt\/#organization","name":"ABC Tradu\u00e7\u00f5es","url":"https:\/\/abctraducoes.pt\/","logo":{"@type":"ImageObject","inLanguage":"en-US","@id":"https:\/\/abctraducoes.pt\/#\/schema\/logo\/image\/","url":"https:\/\/abctraducoes.pt\/wp-content\/uploads\/2019\/11\/abc-traducoes-logotipo-website.png","contentUrl":"https:\/\/abctraducoes.pt\/wp-content\/uploads\/2019\/11\/abc-traducoes-logotipo-website.png","width":432,"height":193,"caption":"ABC Tradu\u00e7\u00f5es"},"image":{"@id":"https:\/\/abctraducoes.pt\/#\/schema\/logo\/image\/"},"sameAs":["https:\/\/www.facebook.com\/abctraducoes\/"]}]}},"_links":{"self":[{"href":"https:\/\/abctraducoes.pt\/en\/wp-json\/wp\/v2\/pages\/3981","targetHints":{"allow":["GET"]}}],"collection":[{"href":"https:\/\/abctraducoes.pt\/en\/wp-json\/wp\/v2\/pages"}],"about":[{"href":"https:\/\/abctraducoes.pt\/en\/wp-json\/wp\/v2\/types\/page"}],"author":[{"embeddable":true,"href":"https:\/\/abctraducoes.pt\/en\/wp-json\/wp\/v2\/users\/1"}],"replies":[{"embeddable":true,"href":"https:\/\/abctraducoes.pt\/en\/wp-json\/wp\/v2\/comments?post=3981"}],"version-history":[{"count":0,"href":"https:\/\/abctraducoes.pt\/en\/wp-json\/wp\/v2\/pages\/3981\/revisions"}],"wp:attachment":[{"href":"https:\/\/abctraducoes.pt\/en\/wp-json\/wp\/v2\/media?parent=3981"}],"curies":[{"name":"wp","href":"https:\/\/api.w.org\/{rel}","templated":true}]}}