{"id":3477,"date":"2019-11-05T15:03:48","date_gmt":"2019-11-05T15:03:48","guid":{"rendered":"https:\/\/alexandresousa.pt\/cookie-policy\/"},"modified":"2022-12-27T15:17:01","modified_gmt":"2022-12-27T15:17:01","slug":"cookie-policy","status":"publish","type":"page","link":"https:\/\/abctraducoes.pt\/en\/cookie-policy\/","title":{"rendered":"Cookie Policy"},"content":{"rendered":"\t\t<div data-elementor-type=\"wp-page\" data-elementor-id=\"3477\" class=\"elementor elementor-3477 elementor-429\" data-elementor-settings=\"[]\">\n\t\t\t\t\t\t\t<div class=\"elementor-section-wrap\">\n\t\t\t\t\t\t\t<section data-particle_enable=\"false\" class=\"elementor-section elementor-top-section elementor-element elementor-element-4f87a53 elementor-section-stretched elementor-section-height-min-height elementor-section-boxed elementor-section-height-default elementor-section-items-middle\" data-id=\"4f87a53\" data-element_type=\"section\" data-settings=\"{&quot;stretch_section&quot;:&quot;section-stretched&quot;,&quot;background_background&quot;:&quot;classic&quot;}\">\n\t\t\t\t\t\t\t<div class=\"elementor-background-overlay\"><\/div>\n\t\t\t\t\t\t\t<div class=\"elementor-container elementor-column-gap-default\">\n\t\t\t\t\t<div class=\"elementor-column elementor-col-100 elementor-top-column elementor-element elementor-element-8a79bfb\" data-id=\"8a79bfb\" data-element_type=\"column\">\n\t\t\t<div class=\"elementor-widget-wrap elementor-element-populated\">\n\t\t\t\t\t\t\t\t<div class=\"elementor-element elementor-element-6b551f5 elementor-widget elementor-widget-heading\" data-id=\"6b551f5\" data-element_type=\"widget\" data-widget_type=\"heading.default\">\n\t\t\t\t<div class=\"elementor-widget-container\">\n\t\t\t<h1 class=\"elementor-heading-title elementor-size-medium\">Cookie Policy<\/h1>\t\t<\/div>\n\t\t\t\t<\/div>\n\t\t\t\t\t<\/div>\n\t\t<\/div>\n\t\t\t\t\t\t\t<\/div>\n\t\t<\/section>\n\t\t\t\t<section data-particle_enable=\"false\" class=\"elementor-section elementor-top-section elementor-element elementor-element-c50be59 elementor-section-boxed elementor-section-height-default elementor-section-height-default\" data-id=\"c50be59\" data-element_type=\"section\">\n\t\t\t\t\t\t<div class=\"elementor-container elementor-column-gap-default\">\n\t\t\t\t\t<div class=\"elementor-column elementor-col-100 elementor-top-column elementor-element elementor-element-f22bdb7\" data-id=\"f22bdb7\" data-element_type=\"column\">\n\t\t\t<div class=\"elementor-widget-wrap elementor-element-populated\">\n\t\t\t\t\t\t\t\t<div class=\"elementor-element elementor-element-5c74d0b elementor-widget elementor-widget-text-editor\" data-id=\"5c74d0b\" data-element_type=\"widget\" data-widget_type=\"text-editor.default\">\n\t\t\t\t<div class=\"elementor-widget-container\">\n\t\t\t\t\t\t\t<p>In order to provide you with a more personalised service, this website uses \u201ccookies\u201d to improve the browsability of our site, enabling us to offer a more customised experience. Users can, at any time, delete or block \u201ccookies\u201d. \u201cCookies\u201d are text files saved on your computer. Their only purpose is to make it easier for you to browse the cesae.pt website (since they are not active files, these cookies do not contain viruses and cannot be executed). Cookies do not identify the user nor are they used to collect personal information. They only identify the computer used. These files enable: &#8211; Improving browsing experience and performance, making it easier for users to access the information for which they are searching. &#8211; Getting information about our training courses, promotions and\/or services\/products. &#8211; Since they respect the users\u2019 privacy policy, these cookies can only be read by our website, cesae.pt, and by you. You may delete them, should you so wish. To benefit from these advantages, make sure your browser accepts cookies. &#8211; In the &#8220;Tools\u201d menu, select &#8220;Internet Options&#8221; &#8211; Click on the &#8220;Privacy&#8221; tab &#8211; Search for and select the &#8220;Accept Cookies&#8221; option<\/p>\n\t\t\t\t\t\t<\/div>\n\t\t\t\t<\/div>\n\t\t\t\t<div class=\"elementor-element elementor-element-2861dcea elementor-widget-divider--view-line elementor-widget elementor-widget-divider\" data-id=\"2861dcea\" data-element_type=\"widget\" data-widget_type=\"divider.default\">\n\t\t\t\t<div class=\"elementor-widget-container\">\n\t\t\t\t\t<div class=\"elementor-divider\">\n\t\t\t<span class=\"elementor-divider-separator\">\n\t\t\t\t\t\t<\/span>\n\t\t<\/div>\n\t\t\t\t<\/div>\n\t\t\t\t<\/div>\n\t\t\t\t\t<\/div>\n\t\t<\/div>\n\t\t\t\t\t\t\t<\/div>\n\t\t<\/section>\n\t\t\t\t<section data-particle_enable=\"false\" class=\"elementor-section elementor-top-section elementor-element elementor-element-223c6577 elementor-section-boxed elementor-section-height-default elementor-section-height-default\" data-id=\"223c6577\" data-element_type=\"section\">\n\t\t\t\t\t\t<div class=\"elementor-container elementor-column-gap-default\">\n\t\t\t\t\t<div class=\"elementor-column elementor-col-100 elementor-top-column elementor-element elementor-element-3c08bd60\" data-id=\"3c08bd60\" data-element_type=\"column\">\n\t\t\t<div class=\"elementor-widget-wrap elementor-element-populated\">\n\t\t\t\t\t\t\t\t<div class=\"elementor-element elementor-element-3c6fd548 elementor-widget elementor-widget-text-editor\" data-id=\"3c6fd548\" data-element_type=\"widget\" data-widget_type=\"text-editor.default\">\n\t\t\t\t<div class=\"elementor-widget-container\">\n\t\t\t\t\t\t\t<p>If you do not wish to receive cookies, you may modify the settings on your computer so as to warn you when you receive cookies or to deactivate all cookies through your browser. If you deactivate cookies, you may not be able to use some of the abovementioned features.<\/p>\n<p>Through your settings, most browsers enable having some control over most cookies. To obtain more information regarding cookies, including finding out which cookies were installed, and how they could be managed and deleted, go to www.allaboutcookies.org.<\/p>\n<p>To supply the website users with more options relative to how their data is used by Google Analytics, Google has provided a tool to deactivate Google Analytics. This tool, through the \u201cadd-on\u201d feature, instructs JavaScript for Google Analytics not to send any information regarding your visit to the website to Google Analytics. If you do not want your visits to be detected by Google Analytics, go to Google Analytics Brower Opt-out extra.<\/p>\n\t\t\t\t\t\t<\/div>\n\t\t\t\t<\/div>\n\t\t\t\t\t<\/div>\n\t\t<\/div>\n\t\t\t\t\t\t\t<\/div>\n\t\t<\/section>\n\t\t\t\t\t\t<\/div>\n\t\t\t\t\t<\/div>\n\t\t","protected":false},"excerpt":{"rendered":"<p>Cookie Policy In order to provide you with a more personalised service, this website uses \u201ccookies\u201d to improve the browsability of our site, enabling us to offer a more customised experience. Users can, at any time, delete or block \u201ccookies\u201d. \u201cCookies\u201d are text files saved on your computer. Their only purpose is to make it [&hellip;]<\/p>\n","protected":false},"author":1,"featured_media":0,"parent":0,"menu_order":0,"comment_status":"closed","ping_status":"closed","template":"elementor_header_footer","meta":{"footnotes":""},"class_list":["post-3477","page","type-page","status-publish","hentry"],"yoast_head":"<!-- This site is optimized with the Yoast SEO plugin v22.0 - https:\/\/yoast.com\/wordpress\/plugins\/seo\/ -->\n<title>ABC Translations | Cookies Policy<\/title>\n<meta name=\"description\" content=\"In order to provide you with a more personalised service, this website uses \u201ccookies\u201d to improve the browsability of our site, enabling us to offer a more customised experience. Users can, at any time, delete or block \u201ccookies\u201d. \u201cCookies\u201d are text files saved on your computer. Their only purpose is to make it easier for you to browse the cesae.pt website (since they are not active files, these cookies do not contain viruses and cannot be executed). Cookies do not identify the user nor are they used to collect personal information. They only identify the computer used. These files enable: - Improving browsing experience and performance, making it easier for users to access the information for which they are searching. - Getting information about our training courses, promotions and\/or services\/products. - Since they respect the users\u2019 privacy policy, these cookies can only be read by our website, cesae.pt, and by you. You may delete them, should you so wish. To benefit from these advantages, make sure your browser accepts cookies. - In the &quot;Tools\u201d menu, select &quot;Internet Options&quot; - Click on the &quot;Privacy&quot; tab - Search for and select the &quot;Accept Cookies&quot; option\" \/>\n<meta name=\"robots\" content=\"index, follow, max-snippet:-1, max-image-preview:large, max-video-preview:-1\" \/>\n<link rel=\"canonical\" href=\"https:\/\/abctraducoes.pt\/en\/cookie-policy\/\" \/>\n<meta property=\"og:locale\" content=\"en_US\" \/>\n<meta property=\"og:type\" content=\"article\" \/>\n<meta property=\"og:title\" content=\"ABC Translations | Cookies Policy\" \/>\n<meta property=\"og:description\" content=\"In order to provide you with a more personalised service, this website uses \u201ccookies\u201d to improve the browsability of our site, enabling us to offer a more customised experience. Users can, at any time, delete or block \u201ccookies\u201d. \u201cCookies\u201d are text files saved on your computer. Their only purpose is to make it easier for you to browse the cesae.pt website (since they are not active files, these cookies do not contain viruses and cannot be executed). Cookies do not identify the user nor are they used to collect personal information. They only identify the computer used. These files enable: - Improving browsing experience and performance, making it easier for users to access the information for which they are searching. - Getting information about our training courses, promotions and\/or services\/products. - Since they respect the users\u2019 privacy policy, these cookies can only be read by our website, cesae.pt, and by you. You may delete them, should you so wish. To benefit from these advantages, make sure your browser accepts cookies. - In the &quot;Tools\u201d menu, select &quot;Internet Options&quot; - Click on the &quot;Privacy&quot; tab - Search for and select the &quot;Accept Cookies&quot; option\" \/>\n<meta property=\"og:url\" content=\"https:\/\/abctraducoes.pt\/en\/cookie-policy\/\" \/>\n<meta property=\"og:site_name\" content=\"ABC Tradu\u00e7\u00f5es\" \/>\n<meta property=\"article:publisher\" content=\"https:\/\/www.facebook.com\/abctraducoes\/\" \/>\n<meta property=\"article:modified_time\" content=\"2022-12-27T15:17:01+00:00\" \/>\n<meta name=\"twitter:card\" content=\"summary_large_image\" \/>\n<meta name=\"twitter:label1\" content=\"Est. reading time\" \/>\n\t<meta name=\"twitter:data1\" content=\"2 minutes\" \/>\n<script type=\"application\/ld+json\" class=\"yoast-schema-graph\">{\"@context\":\"https:\/\/schema.org\",\"@graph\":[{\"@type\":\"WebPage\",\"@id\":\"https:\/\/abctraducoes.pt\/en\/cookie-policy\/\",\"url\":\"https:\/\/abctraducoes.pt\/en\/cookie-policy\/\",\"name\":\"ABC Translations | Cookies Policy\",\"isPartOf\":{\"@id\":\"https:\/\/abctraducoes.pt\/#website\"},\"datePublished\":\"2019-11-05T15:03:48+00:00\",\"dateModified\":\"2022-12-27T15:17:01+00:00\",\"description\":\"In order to provide you with a more personalised service, this website uses \u201ccookies\u201d to improve the browsability of our site, enabling us to offer a more customised experience. Users can, at any time, delete or block \u201ccookies\u201d. \u201cCookies\u201d are text files saved on your computer. Their only purpose is to make it easier for you to browse the cesae.pt website (since they are not active files, these cookies do not contain viruses and cannot be executed). Cookies do not identify the user nor are they used to collect personal information. They only identify the computer used. These files enable: - Improving browsing experience and performance, making it easier for users to access the information for which they are searching. - Getting information about our training courses, promotions and\/or services\/products. - Since they respect the users\u2019 privacy policy, these cookies can only be read by our website, cesae.pt, and by you. You may delete them, should you so wish. To benefit from these advantages, make sure your browser accepts cookies. - In the \\\"Tools\u201d menu, select \\\"Internet Options\\\" - Click on the \\\"Privacy\\\" tab - Search for and select the \\\"Accept Cookies\\\" option\",\"breadcrumb\":{\"@id\":\"https:\/\/abctraducoes.pt\/en\/cookie-policy\/#breadcrumb\"},\"inLanguage\":\"en-US\",\"potentialAction\":[{\"@type\":\"ReadAction\",\"target\":[\"https:\/\/abctraducoes.pt\/en\/cookie-policy\/\"]}]},{\"@type\":\"BreadcrumbList\",\"@id\":\"https:\/\/abctraducoes.pt\/en\/cookie-policy\/#breadcrumb\",\"itemListElement\":[{\"@type\":\"ListItem\",\"position\":1,\"name\":\"In\u00edcio\",\"item\":\"https:\/\/abctraducoes.pt\/en\/inicio\/\"},{\"@type\":\"ListItem\",\"position\":2,\"name\":\"Cookie Policy\"}]},{\"@type\":\"WebSite\",\"@id\":\"https:\/\/abctraducoes.pt\/#website\",\"url\":\"https:\/\/abctraducoes.pt\/\",\"name\":\"ABC Tradu\u00e7\u00f5es | Servi\u00e7os de Tradu\u00e7\u00e3o e Interpreta\u00e7\u00e3o!\",\"description\":\"Mais do que palavras, traduzimos ideias.\",\"publisher\":{\"@id\":\"https:\/\/abctraducoes.pt\/#organization\"},\"potentialAction\":[{\"@type\":\"SearchAction\",\"target\":{\"@type\":\"EntryPoint\",\"urlTemplate\":\"https:\/\/abctraducoes.pt\/?s={search_term_string}\"},\"query-input\":\"required name=search_term_string\"}],\"inLanguage\":\"en-US\"},{\"@type\":\"Organization\",\"@id\":\"https:\/\/abctraducoes.pt\/#organization\",\"name\":\"ABC Tradu\u00e7\u00f5es\",\"url\":\"https:\/\/abctraducoes.pt\/\",\"logo\":{\"@type\":\"ImageObject\",\"inLanguage\":\"en-US\",\"@id\":\"https:\/\/abctraducoes.pt\/#\/schema\/logo\/image\/\",\"url\":\"https:\/\/abctraducoes.pt\/wp-content\/uploads\/2019\/11\/abc-traducoes-logotipo-website.png\",\"contentUrl\":\"https:\/\/abctraducoes.pt\/wp-content\/uploads\/2019\/11\/abc-traducoes-logotipo-website.png\",\"width\":432,\"height\":193,\"caption\":\"ABC Tradu\u00e7\u00f5es\"},\"image\":{\"@id\":\"https:\/\/abctraducoes.pt\/#\/schema\/logo\/image\/\"},\"sameAs\":[\"https:\/\/www.facebook.com\/abctraducoes\/\"]}]}<\/script>\n<!-- \/ Yoast SEO plugin. -->","yoast_head_json":{"title":"ABC Translations | Cookies Policy","description":"In order to provide you with a more personalised service, this website uses \u201ccookies\u201d to improve the browsability of our site, enabling us to offer a more customised experience. Users can, at any time, delete or block \u201ccookies\u201d. \u201cCookies\u201d are text files saved on your computer. Their only purpose is to make it easier for you to browse the cesae.pt website (since they are not active files, these cookies do not contain viruses and cannot be executed). Cookies do not identify the user nor are they used to collect personal information. They only identify the computer used. These files enable: - Improving browsing experience and performance, making it easier for users to access the information for which they are searching. - Getting information about our training courses, promotions and\/or services\/products. - Since they respect the users\u2019 privacy policy, these cookies can only be read by our website, cesae.pt, and by you. You may delete them, should you so wish. To benefit from these advantages, make sure your browser accepts cookies. - In the \"Tools\u201d menu, select \"Internet Options\" - Click on the \"Privacy\" tab - Search for and select the \"Accept Cookies\" option","robots":{"index":"index","follow":"follow","max-snippet":"max-snippet:-1","max-image-preview":"max-image-preview:large","max-video-preview":"max-video-preview:-1"},"canonical":"https:\/\/abctraducoes.pt\/en\/cookie-policy\/","og_locale":"en_US","og_type":"article","og_title":"ABC Translations | Cookies Policy","og_description":"In order to provide you with a more personalised service, this website uses \u201ccookies\u201d to improve the browsability of our site, enabling us to offer a more customised experience. Users can, at any time, delete or block \u201ccookies\u201d. \u201cCookies\u201d are text files saved on your computer. Their only purpose is to make it easier for you to browse the cesae.pt website (since they are not active files, these cookies do not contain viruses and cannot be executed). Cookies do not identify the user nor are they used to collect personal information. They only identify the computer used. These files enable: - Improving browsing experience and performance, making it easier for users to access the information for which they are searching. - Getting information about our training courses, promotions and\/or services\/products. - Since they respect the users\u2019 privacy policy, these cookies can only be read by our website, cesae.pt, and by you. You may delete them, should you so wish. To benefit from these advantages, make sure your browser accepts cookies. - In the \"Tools\u201d menu, select \"Internet Options\" - Click on the \"Privacy\" tab - Search for and select the \"Accept Cookies\" option","og_url":"https:\/\/abctraducoes.pt\/en\/cookie-policy\/","og_site_name":"ABC Tradu\u00e7\u00f5es","article_publisher":"https:\/\/www.facebook.com\/abctraducoes\/","article_modified_time":"2022-12-27T15:17:01+00:00","twitter_card":"summary_large_image","twitter_misc":{"Est. reading time":"2 minutes"},"schema":{"@context":"https:\/\/schema.org","@graph":[{"@type":"WebPage","@id":"https:\/\/abctraducoes.pt\/en\/cookie-policy\/","url":"https:\/\/abctraducoes.pt\/en\/cookie-policy\/","name":"ABC Translations | Cookies Policy","isPartOf":{"@id":"https:\/\/abctraducoes.pt\/#website"},"datePublished":"2019-11-05T15:03:48+00:00","dateModified":"2022-12-27T15:17:01+00:00","description":"In order to provide you with a more personalised service, this website uses \u201ccookies\u201d to improve the browsability of our site, enabling us to offer a more customised experience. Users can, at any time, delete or block \u201ccookies\u201d. \u201cCookies\u201d are text files saved on your computer. Their only purpose is to make it easier for you to browse the cesae.pt website (since they are not active files, these cookies do not contain viruses and cannot be executed). Cookies do not identify the user nor are they used to collect personal information. They only identify the computer used. These files enable: - Improving browsing experience and performance, making it easier for users to access the information for which they are searching. - Getting information about our training courses, promotions and\/or services\/products. - Since they respect the users\u2019 privacy policy, these cookies can only be read by our website, cesae.pt, and by you. You may delete them, should you so wish. To benefit from these advantages, make sure your browser accepts cookies. - In the \"Tools\u201d menu, select \"Internet Options\" - Click on the \"Privacy\" tab - Search for and select the \"Accept Cookies\" option","breadcrumb":{"@id":"https:\/\/abctraducoes.pt\/en\/cookie-policy\/#breadcrumb"},"inLanguage":"en-US","potentialAction":[{"@type":"ReadAction","target":["https:\/\/abctraducoes.pt\/en\/cookie-policy\/"]}]},{"@type":"BreadcrumbList","@id":"https:\/\/abctraducoes.pt\/en\/cookie-policy\/#breadcrumb","itemListElement":[{"@type":"ListItem","position":1,"name":"In\u00edcio","item":"https:\/\/abctraducoes.pt\/en\/inicio\/"},{"@type":"ListItem","position":2,"name":"Cookie Policy"}]},{"@type":"WebSite","@id":"https:\/\/abctraducoes.pt\/#website","url":"https:\/\/abctraducoes.pt\/","name":"ABC Tradu\u00e7\u00f5es | Servi\u00e7os de Tradu\u00e7\u00e3o e Interpreta\u00e7\u00e3o!","description":"Mais do que palavras, traduzimos ideias.","publisher":{"@id":"https:\/\/abctraducoes.pt\/#organization"},"potentialAction":[{"@type":"SearchAction","target":{"@type":"EntryPoint","urlTemplate":"https:\/\/abctraducoes.pt\/?s={search_term_string}"},"query-input":"required name=search_term_string"}],"inLanguage":"en-US"},{"@type":"Organization","@id":"https:\/\/abctraducoes.pt\/#organization","name":"ABC Tradu\u00e7\u00f5es","url":"https:\/\/abctraducoes.pt\/","logo":{"@type":"ImageObject","inLanguage":"en-US","@id":"https:\/\/abctraducoes.pt\/#\/schema\/logo\/image\/","url":"https:\/\/abctraducoes.pt\/wp-content\/uploads\/2019\/11\/abc-traducoes-logotipo-website.png","contentUrl":"https:\/\/abctraducoes.pt\/wp-content\/uploads\/2019\/11\/abc-traducoes-logotipo-website.png","width":432,"height":193,"caption":"ABC Tradu\u00e7\u00f5es"},"image":{"@id":"https:\/\/abctraducoes.pt\/#\/schema\/logo\/image\/"},"sameAs":["https:\/\/www.facebook.com\/abctraducoes\/"]}]}},"_links":{"self":[{"href":"https:\/\/abctraducoes.pt\/en\/wp-json\/wp\/v2\/pages\/3477","targetHints":{"allow":["GET"]}}],"collection":[{"href":"https:\/\/abctraducoes.pt\/en\/wp-json\/wp\/v2\/pages"}],"about":[{"href":"https:\/\/abctraducoes.pt\/en\/wp-json\/wp\/v2\/types\/page"}],"author":[{"embeddable":true,"href":"https:\/\/abctraducoes.pt\/en\/wp-json\/wp\/v2\/users\/1"}],"replies":[{"embeddable":true,"href":"https:\/\/abctraducoes.pt\/en\/wp-json\/wp\/v2\/comments?post=3477"}],"version-history":[{"count":0,"href":"https:\/\/abctraducoes.pt\/en\/wp-json\/wp\/v2\/pages\/3477\/revisions"}],"wp:attachment":[{"href":"https:\/\/abctraducoes.pt\/en\/wp-json\/wp\/v2\/media?parent=3477"}],"curies":[{"name":"wp","href":"https:\/\/api.w.org\/{rel}","templated":true}]}}