{"id":3467,"date":"2019-11-05T14:45:51","date_gmt":"2019-11-05T14:45:51","guid":{"rendered":"https:\/\/alexandresousa.pt\/terms-and-conditions\/"},"modified":"2022-12-27T15:21:45","modified_gmt":"2022-12-27T15:21:45","slug":"terms-and-conditions","status":"publish","type":"page","link":"https:\/\/abctraducoes.pt\/en\/terms-and-conditions\/","title":{"rendered":"Terms and Conditions"},"content":{"rendered":"\t\t<div data-elementor-type=\"wp-page\" data-elementor-id=\"3467\" class=\"elementor elementor-3467 elementor-469\" data-elementor-settings=\"[]\">\n\t\t\t\t\t\t\t<div class=\"elementor-section-wrap\">\n\t\t\t\t\t\t\t<section data-particle_enable=\"false\" class=\"elementor-section elementor-top-section elementor-element elementor-element-8407b8a elementor-section-stretched elementor-section-height-min-height elementor-section-boxed elementor-section-height-default elementor-section-items-middle\" data-id=\"8407b8a\" data-element_type=\"section\" data-settings=\"{&quot;stretch_section&quot;:&quot;section-stretched&quot;,&quot;background_background&quot;:&quot;classic&quot;}\">\n\t\t\t\t\t\t\t<div class=\"elementor-background-overlay\"><\/div>\n\t\t\t\t\t\t\t<div class=\"elementor-container elementor-column-gap-default\">\n\t\t\t\t\t<div class=\"elementor-column elementor-col-100 elementor-top-column elementor-element elementor-element-648c785\" data-id=\"648c785\" data-element_type=\"column\">\n\t\t\t<div class=\"elementor-widget-wrap elementor-element-populated\">\n\t\t\t\t\t\t\t\t<div class=\"elementor-element elementor-element-684ff31 elementor-widget elementor-widget-heading\" data-id=\"684ff31\" data-element_type=\"widget\" data-widget_type=\"heading.default\">\n\t\t\t\t<div class=\"elementor-widget-container\">\n\t\t\t<h1 class=\"elementor-heading-title elementor-size-medium\">Terms and Conditions<\/h1>\t\t<\/div>\n\t\t\t\t<\/div>\n\t\t\t\t\t<\/div>\n\t\t<\/div>\n\t\t\t\t\t\t\t<\/div>\n\t\t<\/section>\n\t\t\t\t<section data-particle_enable=\"false\" class=\"elementor-section elementor-top-section elementor-element elementor-element-75023d47 elementor-section-boxed elementor-section-height-default elementor-section-height-default\" data-id=\"75023d47\" data-element_type=\"section\">\n\t\t\t\t\t\t<div class=\"elementor-container elementor-column-gap-default\">\n\t\t\t\t\t<div class=\"elementor-column elementor-col-100 elementor-top-column elementor-element elementor-element-46cea3d7\" data-id=\"46cea3d7\" data-element_type=\"column\">\n\t\t\t<div class=\"elementor-widget-wrap elementor-element-populated\">\n\t\t\t\t\t\t\t\t<div class=\"elementor-element elementor-element-65019cc5 elementor-widget elementor-widget-text-editor\" data-id=\"65019cc5\" data-element_type=\"widget\" data-widget_type=\"text-editor.default\">\n\t\t\t\t<div class=\"elementor-widget-container\">\n\t\t\t\t\t\t\t<p>By accessing this website, the user declares to have read, understood and accepted the Terms of Use described below, without the need for any further act or consent.<\/p>\n<ol>\n<li>Website Content and Intellectual Property<\/li>\n<\/ol>\n<p>\u201cSite content\u201d means all the information present on this website, including but not limited to trademarks, designs, logos, texts, images, photos, illustrations, audio or video material, web design and software.<\/p>\n<p>The intellectual property rights to all &#8220;ABC Tradu\u00e7\u00f5es&#8221; content that is not externally sourced and properly identified as such, are the property of &#8220;ABC Tradu\u00e7\u00f5es&#8221; and are protected under the general laws and by national and international laws on intellectual property and copyrights protection and related rights, as well as by computer crime law.<\/p>\n<p>This website also contains texts, illustrations and photos that cannot be copied, changed or distributed except with the expressed authorization of their authors. &#8220;ABC Tradu\u00e7\u00f5es&#8221; and\/or its directors and employees disclaim any liability for the misappropriation and misuse of the above elements.<\/p>\n<p>It is expressly forbidden to copy, change, reproduce, display, disseminate, distribute, transmit or use the content of this website in any form or for any purpose without prior expressed authorization from &#8220;ABC Tradu\u00e7\u00f5es&#8221; or its authors relative to content that has been licenced and duly identified.<\/p>\n<p>&#8220;ABC Tradu\u00e7\u00f5es&#8221; reserves the right to take legal action against the authors of any unauthorised copying, reproduction, dissemination, commercial operation or any other undue use of the website contents, disclaiming any liability for any misuse of the site by third parties.<\/p>\n<ol start=\"2\">\n<li>Security<\/li>\n<\/ol>\n<p>Notwithstanding the commitment made by &#8220;ABC Tradu\u00e7\u00f5es&#8221; as to the confidentiality of \u201cpersonal data\u201d and the application of security measures against the intrusion by unauthorised strangers, users of this website declare that they are fully aware of the characteristics and constraints, limitations and defects of the Internet, namely that the transmission of data and information via the Internet, circulating on heterogeneous networks with different technical features and capabilities, benefit only from relative technical reliability. These constraints may disrupt or make access impossible at certain times.<\/p>\n<p>Users acknowledge and accept the inherent risk that any website is subject to unauthorized interference by unauthorized third parties and may, consequently, be interrupted, and that the information circulating on the Internet is not protected against potential viruses, diversion (free access) and that anyone is susceptible of creating a link with access to the site and\/or to elements contained therein. &#8220;ABC Tradu\u00e7\u00f5es&#8221; and\/or its directors and employees shall under no circumstances be liable for incidental or voluntary damages suffered by users and whether or not caused by third parties in connection with the use of the services provided on this site or elsewhere on the Internet to which they have had access to through it.<\/p>\n<p>&#8220;ABC Tradu\u00e7\u00f5es&#8221; and\/or its directors and employees are not liable for any damages that may be caused by the use of the service, including virus contamination.<\/p>\n<p>Notwithstanding the privacy policy (which should be taken as an obligation of means) regarding the use of personal data, &#8220;ABC Tradu\u00e7\u00f5es&#8221; warns that there are risks related to the Internet and databases, and that the personal data included in the portal can be captured and\/or transferred by third parties, namely in countries where the personal data protection systems are still at an undeveloped stage and where protection is scare and\/or inefficient. By accessing this website, the user agrees to the risks inherent to his\/her activity as an Internet user, namely the risk of possible transfer of open data.<\/p>\n<ol start=\"3\">\n<li>Contents and Responsibility<\/li>\n<\/ol>\n<p>The information contained on this site has been included in good faith and is solely for direct information of the users, and its use is their sole responsibility.<\/p>\n<p>&#8220;ABC Tradu\u00e7\u00f5es&#8221;, subject to compliance with the rules of protection of personal data, reserves the right to make changes and corrections, suspend, interrupt or close the site when it deems appropriate, without prior notice and for such a period as it deems necessary for any technical, administrative, force majeure or other reasons, and may not be held liable for those matters.<\/p>\n<p>&#8220;ABC Tradu\u00e7\u00f5es&#8221; and\/or its directors and employees are not responsible and cannot be held liable for the hyperlinks in their service to third-party websites. These hyperlinks are solely provided for the convenience and accessibility of the user and &#8220;ABC Tradu\u00e7\u00f5es&#8221; and\/or its directors and employees shall not be liable for the contents of these third-party websites, and access and visits to such sites shall be the sole responsibility of the user.<\/p>\n<p>&#8220;ABC Tradu\u00e7\u00f5es&#8221; and\/or its directors and employees shall not be liable for the privacy policies of third-party websites, and any hyperlinks that may exist do not imply acceptance of their respective content or association with their owners by &#8220;ABC Tradu\u00e7\u00f5es&#8221;.<\/p>\n<p>&#8220;ABC Tradu\u00e7\u00f5es&#8221; may update the terms of use and privacy policy, following the changes arising from the development and technological advances of the Internet itself, as well as legislative changes in this area.<\/p>\n<p>&#8220;ABC Tradu\u00e7\u00f5es&#8221; and\/or its directors and employees assume no liability or obligation for any action or content transmitted by or between the user and or any third party on or off this website and despite being attentive to the editorial content, does not exercise nor can it exercise control over all messages.<\/p>\n<p>&#8220;ABC Tradu\u00e7\u00f5es&#8221; and\/or its directors and employees shall not be held liable for the truthfulness and accuracy of the data or content placed directly by the user, for which the latter shall be entirely responsible.<\/p>\n<p>The user agrees not to transmit to this website any illegal, threatening, insulting, racist, discriminatory, accusatory, defamatory, offensive, obscene, scandalous or pornographic content or any other content that may constitute or encourage conduct that appeals to violence and unlawful acts, and we reserve the right to delete any message containing such content.<\/p>\n<p>The user also undertakes not to perform any operations that may impair the operation of the message areas of the site or to access an area\/account and its content without their authorization, testing, evaluating or breaching the vulnerability of the installed security, installing or attempting to install viruses or programmes that damage and\/or contaminate it, or to trigger or attempt to trigger \u201cdenial of service\u201d attacks or advise others to do so.<\/p>\n<p>The user undertakes not to insert messages with advertising content (except in cases expressly authorized by &#8220;ABC Tradu\u00e7\u00f5es&#8221;, in which case the user undertakes to comply with the legislation in force, namely the Advertising Code) or for his own promotion. It is expressly forbidden to use the site for illegal purposes or for any other purposes that may be considered harmful to the image of &#8220;ABC Tradu\u00e7\u00f5es&#8221;.<\/p>\n<p>Failure to comply with the ethical rules of use and good education implies disassociating the user from the mentioned services, with the misappropriation, forgery, use of misappropriated or forged content, illegitimate identification and unfair competition being punishable under the terms of the laws in force.<\/p>\n<p>&#8220;ABC Tradu\u00e7\u00f5es&#8221; shall fully cooperate with any law enforcement authorities or court order requesting or ordering the disclosure of the identity or assistance in identifying or locating anyone transmitting such content.<\/p>\n<p>The user shall be liable for failure to comply with the Terms of Use of this site in accordance with applicable civil and criminal law. &#8220;ABC Tradu\u00e7\u00f5es&#8221; may, based on a participation or communication, ascertain whether the content transmitted to this site by any user breaches its terms and conditions and determine its removal.<\/p>\n<p>The user of this site agrees to defend, compensate and hold harmless from liability &#8220;ABC Tradu\u00e7\u00f5es&#8221; and\/or its directors and employees from and against any claim or demand lodged by any third party, as well as for all obligations, damages, costs and associated expenses (including, without limitation, reasonable attorney\u2019s fees) arising out of and\/or related to the use of this website by the user, content transmitted by him\/her to this site, breach by the user of any rights of any third parties and\/or breach by the user of the Terms of Use.<\/p>\n<ol start=\"4\">\n<li>Jurisdiction<\/li>\n<\/ol>\n<p>The Terms of Use and Privacy Policy below shall be construed and interpreted in accordance with Portuguese Law. The user irrevocably accepts the jurisdiction of the Portuguese courts to settle any conflict arising from and\/or related to the Terms and Conditions, the Privacy Policy below, and\/or the use of this website.<\/p>\n\t\t\t\t\t\t<\/div>\n\t\t\t\t<\/div>\n\t\t\t\t\t<\/div>\n\t\t<\/div>\n\t\t\t\t\t\t\t<\/div>\n\t\t<\/section>\n\t\t\t\t\t\t<\/div>\n\t\t\t\t\t<\/div>\n\t\t","protected":false},"excerpt":{"rendered":"<p>Terms and Conditions By accessing this website, the user declares to have read, understood and accepted the Terms of Use described below, without the need for any further act or consent. Website Content and Intellectual Property \u201cSite content\u201d means all the information present on this website, including but not limited to trademarks, designs, logos, texts, [&hellip;]<\/p>\n","protected":false},"author":1,"featured_media":0,"parent":0,"menu_order":0,"comment_status":"closed","ping_status":"closed","template":"elementor_header_footer","meta":{"footnotes":""},"class_list":["post-3467","page","type-page","status-publish","hentry"],"yoast_head":"<!-- This site is optimized with the Yoast SEO plugin v22.0 - https:\/\/yoast.com\/wordpress\/plugins\/seo\/ -->\n<title>ABC Tradu\u00e7\u00f5es | Terms and Conditions<\/title>\n<meta name=\"description\" content=\"ABC&#039;s terms and conditions. By accessing this website, the user declares to have read, understood and accepted the Terms of Use described below, without the need for any further act or consent.\" \/>\n<meta name=\"robots\" content=\"index, follow, max-snippet:-1, max-image-preview:large, max-video-preview:-1\" \/>\n<link rel=\"canonical\" href=\"https:\/\/abctraducoes.pt\/en\/terms-and-conditions\/\" \/>\n<meta property=\"og:locale\" content=\"en_US\" \/>\n<meta property=\"og:type\" content=\"article\" \/>\n<meta property=\"og:title\" content=\"ABC Tradu\u00e7\u00f5es | Terms and Conditions\" \/>\n<meta property=\"og:description\" content=\"ABC&#039;s terms and conditions. By accessing this website, the user declares to have read, understood and accepted the Terms of Use described below, without the need for any further act or consent.\" \/>\n<meta property=\"og:url\" content=\"https:\/\/abctraducoes.pt\/en\/terms-and-conditions\/\" \/>\n<meta property=\"og:site_name\" content=\"ABC Tradu\u00e7\u00f5es\" \/>\n<meta property=\"article:publisher\" content=\"https:\/\/www.facebook.com\/abctraducoes\/\" \/>\n<meta property=\"article:modified_time\" content=\"2022-12-27T15:21:45+00:00\" \/>\n<meta name=\"twitter:card\" content=\"summary_large_image\" \/>\n<meta name=\"twitter:label1\" content=\"Est. reading time\" \/>\n\t<meta name=\"twitter:data1\" content=\"7 minutes\" \/>\n<script type=\"application\/ld+json\" class=\"yoast-schema-graph\">{\"@context\":\"https:\/\/schema.org\",\"@graph\":[{\"@type\":\"WebPage\",\"@id\":\"https:\/\/abctraducoes.pt\/en\/terms-and-conditions\/\",\"url\":\"https:\/\/abctraducoes.pt\/en\/terms-and-conditions\/\",\"name\":\"ABC Tradu\u00e7\u00f5es | Terms and Conditions\",\"isPartOf\":{\"@id\":\"https:\/\/abctraducoes.pt\/#website\"},\"datePublished\":\"2019-11-05T14:45:51+00:00\",\"dateModified\":\"2022-12-27T15:21:45+00:00\",\"description\":\"ABC's terms and conditions. By accessing this website, the user declares to have read, understood and accepted the Terms of Use described below, without the need for any further act or consent.\",\"breadcrumb\":{\"@id\":\"https:\/\/abctraducoes.pt\/en\/terms-and-conditions\/#breadcrumb\"},\"inLanguage\":\"en-US\",\"potentialAction\":[{\"@type\":\"ReadAction\",\"target\":[\"https:\/\/abctraducoes.pt\/en\/terms-and-conditions\/\"]}]},{\"@type\":\"BreadcrumbList\",\"@id\":\"https:\/\/abctraducoes.pt\/en\/terms-and-conditions\/#breadcrumb\",\"itemListElement\":[{\"@type\":\"ListItem\",\"position\":1,\"name\":\"In\u00edcio\",\"item\":\"https:\/\/abctraducoes.pt\/en\/inicio\/\"},{\"@type\":\"ListItem\",\"position\":2,\"name\":\"Terms and Conditions\"}]},{\"@type\":\"WebSite\",\"@id\":\"https:\/\/abctraducoes.pt\/#website\",\"url\":\"https:\/\/abctraducoes.pt\/\",\"name\":\"ABC Tradu\u00e7\u00f5es | Servi\u00e7os de Tradu\u00e7\u00e3o e Interpreta\u00e7\u00e3o!\",\"description\":\"Mais do que palavras, traduzimos ideias.\",\"publisher\":{\"@id\":\"https:\/\/abctraducoes.pt\/#organization\"},\"potentialAction\":[{\"@type\":\"SearchAction\",\"target\":{\"@type\":\"EntryPoint\",\"urlTemplate\":\"https:\/\/abctraducoes.pt\/?s={search_term_string}\"},\"query-input\":\"required name=search_term_string\"}],\"inLanguage\":\"en-US\"},{\"@type\":\"Organization\",\"@id\":\"https:\/\/abctraducoes.pt\/#organization\",\"name\":\"ABC Tradu\u00e7\u00f5es\",\"url\":\"https:\/\/abctraducoes.pt\/\",\"logo\":{\"@type\":\"ImageObject\",\"inLanguage\":\"en-US\",\"@id\":\"https:\/\/abctraducoes.pt\/#\/schema\/logo\/image\/\",\"url\":\"https:\/\/abctraducoes.pt\/wp-content\/uploads\/2019\/11\/abc-traducoes-logotipo-website.png\",\"contentUrl\":\"https:\/\/abctraducoes.pt\/wp-content\/uploads\/2019\/11\/abc-traducoes-logotipo-website.png\",\"width\":432,\"height\":193,\"caption\":\"ABC Tradu\u00e7\u00f5es\"},\"image\":{\"@id\":\"https:\/\/abctraducoes.pt\/#\/schema\/logo\/image\/\"},\"sameAs\":[\"https:\/\/www.facebook.com\/abctraducoes\/\"]}]}<\/script>\n<!-- \/ Yoast SEO plugin. -->","yoast_head_json":{"title":"ABC Tradu\u00e7\u00f5es | Terms and Conditions","description":"ABC's terms and conditions. By accessing this website, the user declares to have read, understood and accepted the Terms of Use described below, without the need for any further act or consent.","robots":{"index":"index","follow":"follow","max-snippet":"max-snippet:-1","max-image-preview":"max-image-preview:large","max-video-preview":"max-video-preview:-1"},"canonical":"https:\/\/abctraducoes.pt\/en\/terms-and-conditions\/","og_locale":"en_US","og_type":"article","og_title":"ABC Tradu\u00e7\u00f5es | Terms and Conditions","og_description":"ABC's terms and conditions. By accessing this website, the user declares to have read, understood and accepted the Terms of Use described below, without the need for any further act or consent.","og_url":"https:\/\/abctraducoes.pt\/en\/terms-and-conditions\/","og_site_name":"ABC Tradu\u00e7\u00f5es","article_publisher":"https:\/\/www.facebook.com\/abctraducoes\/","article_modified_time":"2022-12-27T15:21:45+00:00","twitter_card":"summary_large_image","twitter_misc":{"Est. reading time":"7 minutes"},"schema":{"@context":"https:\/\/schema.org","@graph":[{"@type":"WebPage","@id":"https:\/\/abctraducoes.pt\/en\/terms-and-conditions\/","url":"https:\/\/abctraducoes.pt\/en\/terms-and-conditions\/","name":"ABC Tradu\u00e7\u00f5es | Terms and Conditions","isPartOf":{"@id":"https:\/\/abctraducoes.pt\/#website"},"datePublished":"2019-11-05T14:45:51+00:00","dateModified":"2022-12-27T15:21:45+00:00","description":"ABC's terms and conditions. By accessing this website, the user declares to have read, understood and accepted the Terms of Use described below, without the need for any further act or consent.","breadcrumb":{"@id":"https:\/\/abctraducoes.pt\/en\/terms-and-conditions\/#breadcrumb"},"inLanguage":"en-US","potentialAction":[{"@type":"ReadAction","target":["https:\/\/abctraducoes.pt\/en\/terms-and-conditions\/"]}]},{"@type":"BreadcrumbList","@id":"https:\/\/abctraducoes.pt\/en\/terms-and-conditions\/#breadcrumb","itemListElement":[{"@type":"ListItem","position":1,"name":"In\u00edcio","item":"https:\/\/abctraducoes.pt\/en\/inicio\/"},{"@type":"ListItem","position":2,"name":"Terms and Conditions"}]},{"@type":"WebSite","@id":"https:\/\/abctraducoes.pt\/#website","url":"https:\/\/abctraducoes.pt\/","name":"ABC Tradu\u00e7\u00f5es | Servi\u00e7os de Tradu\u00e7\u00e3o e Interpreta\u00e7\u00e3o!","description":"Mais do que palavras, traduzimos ideias.","publisher":{"@id":"https:\/\/abctraducoes.pt\/#organization"},"potentialAction":[{"@type":"SearchAction","target":{"@type":"EntryPoint","urlTemplate":"https:\/\/abctraducoes.pt\/?s={search_term_string}"},"query-input":"required name=search_term_string"}],"inLanguage":"en-US"},{"@type":"Organization","@id":"https:\/\/abctraducoes.pt\/#organization","name":"ABC Tradu\u00e7\u00f5es","url":"https:\/\/abctraducoes.pt\/","logo":{"@type":"ImageObject","inLanguage":"en-US","@id":"https:\/\/abctraducoes.pt\/#\/schema\/logo\/image\/","url":"https:\/\/abctraducoes.pt\/wp-content\/uploads\/2019\/11\/abc-traducoes-logotipo-website.png","contentUrl":"https:\/\/abctraducoes.pt\/wp-content\/uploads\/2019\/11\/abc-traducoes-logotipo-website.png","width":432,"height":193,"caption":"ABC Tradu\u00e7\u00f5es"},"image":{"@id":"https:\/\/abctraducoes.pt\/#\/schema\/logo\/image\/"},"sameAs":["https:\/\/www.facebook.com\/abctraducoes\/"]}]}},"_links":{"self":[{"href":"https:\/\/abctraducoes.pt\/en\/wp-json\/wp\/v2\/pages\/3467","targetHints":{"allow":["GET"]}}],"collection":[{"href":"https:\/\/abctraducoes.pt\/en\/wp-json\/wp\/v2\/pages"}],"about":[{"href":"https:\/\/abctraducoes.pt\/en\/wp-json\/wp\/v2\/types\/page"}],"author":[{"embeddable":true,"href":"https:\/\/abctraducoes.pt\/en\/wp-json\/wp\/v2\/users\/1"}],"replies":[{"embeddable":true,"href":"https:\/\/abctraducoes.pt\/en\/wp-json\/wp\/v2\/comments?post=3467"}],"version-history":[{"count":0,"href":"https:\/\/abctraducoes.pt\/en\/wp-json\/wp\/v2\/pages\/3467\/revisions"}],"wp:attachment":[{"href":"https:\/\/abctraducoes.pt\/en\/wp-json\/wp\/v2\/media?parent=3467"}],"curies":[{"name":"wp","href":"https:\/\/api.w.org\/{rel}","templated":true}]}}